{"id":84,"date":"2019-05-11T09:39:55","date_gmt":"2019-05-11T09:39:55","guid":{"rendered":"https:\/\/www.jadeconsulting.eu\/?page_id=84"},"modified":"2019-05-11T09:39:55","modified_gmt":"2019-05-11T09:39:55","slug":"kapcsolatfelvetel","status":"publish","type":"page","link":"https:\/\/www.jadeconsulting.eu\/index.php\/kapcsolatfelvetel\/","title":{"rendered":"Kapcsolatfelv\u00e9tel"},"content":{"rendered":"\n<div class=\"wpforms-container wpforms-container-full\" id=\"wpforms-80\"><form id=\"wpforms-form-80\" class=\"wpforms-validate wpforms-form\" data-formid=\"80\" method=\"post\" enctype=\"multipart\/form-data\" action=\"\/index.php\/wp-json\/wp\/v2\/pages\/84\" data-token=\"81e146f74d7e40aa45f20c082b0231e3\" data-token-time=\"1776245850\"><noscript class=\"wpforms-error-noscript\">Please enable JavaScript in your browser to complete this form.<\/noscript><div class=\"wpforms-field-container\"><div id=\"wpforms-80-field_0-container\" class=\"wpforms-field wpforms-field-name\" data-field-id=\"0\"><label class=\"wpforms-field-label\" for=\"wpforms-80-field_0\">N\u00e9v <span class=\"wpforms-required-label\">*<\/span><\/label><input type=\"text\" id=\"wpforms-80-field_0\" class=\"wpforms-field-medium wpforms-field-required\" name=\"wpforms[fields][0]\" required><\/div><div id=\"wpforms-80-field_1-container\" class=\"wpforms-field wpforms-field-email\" data-field-id=\"1\"><label class=\"wpforms-field-label\" for=\"wpforms-80-field_1\">E-mail <span class=\"wpforms-required-label\">*<\/span><\/label><input type=\"email\" id=\"wpforms-80-field_1\" class=\"wpforms-field-medium wpforms-field-required\" name=\"wpforms[fields][1]\" spellcheck=\"false\" required><\/div><div id=\"wpforms-80-field_8-container\" class=\"wpforms-field wpforms-field-checkbox\" data-field-id=\"8\"><label class=\"wpforms-field-label\">Szeretn\u00e9l visszah\u00edv\u00e1st?<\/label><ul id=\"wpforms-80-field_8\"><li class=\"choice-1 depth-1\"><input type=\"checkbox\" id=\"wpforms-80-field_8_1\" name=\"wpforms[fields][8][]\" value=\"Igen, k\u00e9rek visszah\u00edv\u00e1st!\"  ><label class=\"wpforms-field-label-inline\" for=\"wpforms-80-field_8_1\">Igen, k\u00e9rek visszah\u00edv\u00e1st!<\/label><\/li><\/ul><\/div><div id=\"wpforms-80-field_7-container\" class=\"wpforms-field wpforms-field-number\" data-field-id=\"7\"><label class=\"wpforms-field-label\" for=\"wpforms-80-field_7\">Telefonsz\u00e1m<\/label><input type=\"number\" id=\"wpforms-80-field_7\" class=\"wpforms-field-medium\" name=\"wpforms[fields][7]\" placeholder=\"+36301234567\" step=\"any\" ><div class=\"wpforms-field-description\">Amennyiben szeretn\u00e9l visszah\u00edv\u00e1st k\u00e9rni ne felejtsd el megadni a telefonsz\u00e1modat!<\/div><\/div><div id=\"wpforms-80-field_10-container\" class=\"wpforms-field wpforms-field-checkbox\" data-field-id=\"10\"><label class=\"wpforms-field-label\">Miben tudunk seg\u00edteni?<\/label><ul id=\"wpforms-80-field_10\"><li class=\"choice-1 depth-1\"><input type=\"checkbox\" id=\"wpforms-80-field_10_1\" name=\"wpforms[fields][10][]\" value=\"Microsoft Business Central \u2013 egyedi fejleszt\u00e9s, bevezet\u00e9s vagy \u00e1t\u00e1ll\u00e1s\"  ><label class=\"wpforms-field-label-inline\" for=\"wpforms-80-field_10_1\">Microsoft Business Central \u2013 egyedi fejleszt\u00e9s, bevezet\u00e9s vagy \u00e1t\u00e1ll\u00e1s<\/label><\/li><li class=\"choice-2 depth-1\"><input type=\"checkbox\" id=\"wpforms-80-field_10_2\" name=\"wpforms[fields][10][]\" value=\"WordPress \/ WooCommerce \u2013 weboldal vagy webshop fejleszt\u00e9s, b\u0151v\u00edt\u00e9s\"  ><label class=\"wpforms-field-label-inline\" for=\"wpforms-80-field_10_2\">WordPress \/ WooCommerce \u2013 weboldal vagy webshop fejleszt\u00e9s, b\u0151v\u00edt\u00e9s<\/label><\/li><li class=\"choice-3 depth-1\"><input type=\"checkbox\" id=\"wpforms-80-field_10_3\" name=\"wpforms[fields][10][]\" value=\"Mobilapp fejleszt\u00e9s \u2013 \u00fczleti alkalmaz\u00e1sok Androidra \u00e9s iOS-re\"  ><label class=\"wpforms-field-label-inline\" for=\"wpforms-80-field_10_3\">Mobilapp fejleszt\u00e9s \u2013 \u00fczleti alkalmaz\u00e1sok Androidra \u00e9s iOS-re<\/label><\/li><li class=\"choice-4 depth-1\"><input type=\"checkbox\" id=\"wpforms-80-field_10_4\" name=\"wpforms[fields][10][]\" value=\"Webfejleszt\u00e9s \u2013 c\u00e9ges admin, port\u00e1l, dashboard, egyedi webalkalmaz\u00e1s\"  ><label class=\"wpforms-field-label-inline\" for=\"wpforms-80-field_10_4\">Webfejleszt\u00e9s \u2013 c\u00e9ges admin, port\u00e1l, dashboard, egyedi webalkalmaz\u00e1s<\/label><\/li><li class=\"choice-5 depth-1\"><input type=\"checkbox\" id=\"wpforms-80-field_10_5\" name=\"wpforms[fields][10][]\" value=\"Jira \u2013 bevezet\u00e9s, testreszab\u00e1s, fejleszt\u00e9s vagy adminisztr\u00e1ci\u00f3\"  ><label class=\"wpforms-field-label-inline\" for=\"wpforms-80-field_10_5\">Jira \u2013 bevezet\u00e9s, testreszab\u00e1s, fejleszt\u00e9s vagy adminisztr\u00e1ci\u00f3<\/label><\/li><li class=\"choice-6 depth-1\"><input type=\"checkbox\" id=\"wpforms-80-field_10_6\" name=\"wpforms[fields][10][]\" value=\"IT tan\u00e1csad\u00e1s \u2013 rendszertervez\u00e9s, folyamatok digitaliz\u00e1l\u00e1sa\"  ><label class=\"wpforms-field-label-inline\" for=\"wpforms-80-field_10_6\">IT tan\u00e1csad\u00e1s \u2013 rendszertervez\u00e9s, folyamatok digitaliz\u00e1l\u00e1sa<\/label><\/li><li class=\"choice-7 depth-1\"><input type=\"checkbox\" id=\"wpforms-80-field_10_7\" name=\"wpforms[fields][10][]\" value=\"Valami m\u00e1s, egyedi ig\u00e9ny\"  ><label class=\"wpforms-field-label-inline\" for=\"wpforms-80-field_10_7\">Valami m\u00e1s, egyedi ig\u00e9ny<\/label><\/li><\/ul><div class=\"wpforms-field-description\">Ez a r\u00e9sz nem k\u00f6telez\u0151, de ha megjel\u00f6l\u00f6d, milyen t\u00e9m\u00e1ban keresel minket, gyorsabban tudunk seg\u00edteni.<\/div><\/div><div id=\"wpforms-80-field_2-container\" class=\"wpforms-field wpforms-field-textarea\" data-field-id=\"2\"><label class=\"wpforms-field-label\" for=\"wpforms-80-field_2\">\u00dczenet <span class=\"wpforms-required-label\">*<\/span><\/label><textarea id=\"wpforms-80-field_2\" class=\"wpforms-field-medium wpforms-field-required\" name=\"wpforms[fields][2]\" required><\/textarea><\/div><\/div><!-- .wpforms-field-container --><div class=\"wpforms-field wpforms-field-hp\"><label for=\"wpforms-80-field-hp\" class=\"wpforms-field-label\">Comment<\/label><input type=\"text\" name=\"wpforms[hp]\" id=\"wpforms-80-field-hp\" class=\"wpforms-field-medium\"><\/div><div class=\"wpforms-submit-container\" ><input type=\"hidden\" name=\"wpforms[id]\" value=\"80\"><input type=\"hidden\" name=\"page_title\" value=\"\"><input type=\"hidden\" name=\"page_url\" value=\"https:\/\/www.jadeconsulting.eu\/index.php\/wp-json\/wp\/v2\/pages\/84\"><input type=\"hidden\" name=\"url_referer\" value=\"\"><button type=\"submit\" name=\"wpforms[submit]\" id=\"wpforms-submit-80\" class=\"wpforms-submit\" data-alt-text=\"K\u00fcld\u00e9s...\" data-submit-text=\"Bek\u00fcld\u00e9s\" aria-live=\"assertive\" value=\"wpforms-submit\">Bek\u00fcld\u00e9s<\/button><\/div><\/form><\/div>  <!-- .wpforms-container -->\n","protected":false},"excerpt":{"rendered":"","protected":false},"author":123,"featured_media":0,"parent":0,"menu_order":0,"comment_status":"closed","ping_status":"closed","template":"","meta":{"footnotes":""},"class_list":["post-84","page","type-page","status-publish","hentry"],"yoast_head":"<!-- This site is optimized with the Yoast SEO plugin v27.4 - https:\/\/yoast.com\/product\/yoast-seo-wordpress\/ -->\n<title>Kapcsolatfelv\u00e9tel - JADE Tan\u00e1csad\u00f3 \u00e9s Szolg\u00e1ltat\u00f3 Kft. hivatalos weboldala<\/title>\n<meta name=\"robots\" content=\"index, follow, max-snippet:-1, max-image-preview:large, max-video-preview:-1\" \/>\n<link rel=\"canonical\" href=\"https:\/\/www.jadeconsulting.eu\/index.php\/kapcsolatfelvetel\/\" \/>\n<meta property=\"og:locale\" content=\"hu_HU\" \/>\n<meta property=\"og:type\" content=\"article\" \/>\n<meta property=\"og:title\" content=\"Kapcsolatfelv\u00e9tel - JADE Tan\u00e1csad\u00f3 \u00e9s Szolg\u00e1ltat\u00f3 Kft. hivatalos weboldala\" \/>\n<meta property=\"og:url\" content=\"https:\/\/www.jadeconsulting.eu\/index.php\/kapcsolatfelvetel\/\" \/>\n<meta property=\"og:site_name\" content=\"JADE Tan\u00e1csad\u00f3 \u00e9s Szolg\u00e1ltat\u00f3 Kft. hivatalos weboldala\" \/>\n<meta name=\"twitter:card\" content=\"summary_large_image\" \/>\n<script type=\"application\/ld+json\" class=\"yoast-schema-graph\">{\"@context\":\"https:\\\/\\\/schema.org\",\"@graph\":[{\"@type\":\"WebPage\",\"@id\":\"https:\\\/\\\/www.jadeconsulting.eu\\\/index.php\\\/kapcsolatfelvetel\\\/\",\"url\":\"https:\\\/\\\/www.jadeconsulting.eu\\\/index.php\\\/kapcsolatfelvetel\\\/\",\"name\":\"Kapcsolatfelv\u00e9tel - JADE Tan\u00e1csad\u00f3 \u00e9s Szolg\u00e1ltat\u00f3 Kft. hivatalos weboldala\",\"isPartOf\":{\"@id\":\"https:\\\/\\\/www.jadeconsulting.eu\\\/#website\"},\"datePublished\":\"2019-05-11T09:39:55+00:00\",\"breadcrumb\":{\"@id\":\"https:\\\/\\\/www.jadeconsulting.eu\\\/index.php\\\/kapcsolatfelvetel\\\/#breadcrumb\"},\"inLanguage\":\"hu\",\"potentialAction\":[{\"@type\":\"ReadAction\",\"target\":[\"https:\\\/\\\/www.jadeconsulting.eu\\\/index.php\\\/kapcsolatfelvetel\\\/\"]}]},{\"@type\":\"BreadcrumbList\",\"@id\":\"https:\\\/\\\/www.jadeconsulting.eu\\\/index.php\\\/kapcsolatfelvetel\\\/#breadcrumb\",\"itemListElement\":[{\"@type\":\"ListItem\",\"position\":1,\"name\":\"Home\",\"item\":\"https:\\\/\\\/www.jadeconsulting.eu\\\/\"},{\"@type\":\"ListItem\",\"position\":2,\"name\":\"Kapcsolatfelv\u00e9tel\"}]},{\"@type\":\"WebSite\",\"@id\":\"https:\\\/\\\/www.jadeconsulting.eu\\\/#website\",\"url\":\"https:\\\/\\\/www.jadeconsulting.eu\\\/\",\"name\":\"JADE Tan\u00e1csad\u00f3 \u00e9s Szolg\u00e1ltat\u00f3 Kft. hivatalos weboldala\",\"description\":\"Informatika, fejleszt\u00e9s \u00e9s tan\u00e1csad\u00e1s - Microsoft Dynamics 365 Business Central \u00e9s Dynamics NAV ERP fejleszt\u00e9s \u00e9s konzult\u00e1ci\u00f3\",\"potentialAction\":[{\"@type\":\"SearchAction\",\"target\":{\"@type\":\"EntryPoint\",\"urlTemplate\":\"https:\\\/\\\/www.jadeconsulting.eu\\\/?s={search_term_string}\"},\"query-input\":{\"@type\":\"PropertyValueSpecification\",\"valueRequired\":true,\"valueName\":\"search_term_string\"}}],\"inLanguage\":\"hu\"}]}<\/script>\n<!-- \/ Yoast SEO plugin. -->","yoast_head_json":{"title":"Kapcsolatfelv\u00e9tel - JADE Tan\u00e1csad\u00f3 \u00e9s Szolg\u00e1ltat\u00f3 Kft. hivatalos weboldala","robots":{"index":"index","follow":"follow","max-snippet":"max-snippet:-1","max-image-preview":"max-image-preview:large","max-video-preview":"max-video-preview:-1"},"canonical":"https:\/\/www.jadeconsulting.eu\/index.php\/kapcsolatfelvetel\/","og_locale":"hu_HU","og_type":"article","og_title":"Kapcsolatfelv\u00e9tel - JADE Tan\u00e1csad\u00f3 \u00e9s Szolg\u00e1ltat\u00f3 Kft. hivatalos weboldala","og_url":"https:\/\/www.jadeconsulting.eu\/index.php\/kapcsolatfelvetel\/","og_site_name":"JADE Tan\u00e1csad\u00f3 \u00e9s Szolg\u00e1ltat\u00f3 Kft. hivatalos weboldala","twitter_card":"summary_large_image","schema":{"@context":"https:\/\/schema.org","@graph":[{"@type":"WebPage","@id":"https:\/\/www.jadeconsulting.eu\/index.php\/kapcsolatfelvetel\/","url":"https:\/\/www.jadeconsulting.eu\/index.php\/kapcsolatfelvetel\/","name":"Kapcsolatfelv\u00e9tel - JADE Tan\u00e1csad\u00f3 \u00e9s Szolg\u00e1ltat\u00f3 Kft. hivatalos weboldala","isPartOf":{"@id":"https:\/\/www.jadeconsulting.eu\/#website"},"datePublished":"2019-05-11T09:39:55+00:00","breadcrumb":{"@id":"https:\/\/www.jadeconsulting.eu\/index.php\/kapcsolatfelvetel\/#breadcrumb"},"inLanguage":"hu","potentialAction":[{"@type":"ReadAction","target":["https:\/\/www.jadeconsulting.eu\/index.php\/kapcsolatfelvetel\/"]}]},{"@type":"BreadcrumbList","@id":"https:\/\/www.jadeconsulting.eu\/index.php\/kapcsolatfelvetel\/#breadcrumb","itemListElement":[{"@type":"ListItem","position":1,"name":"Home","item":"https:\/\/www.jadeconsulting.eu\/"},{"@type":"ListItem","position":2,"name":"Kapcsolatfelv\u00e9tel"}]},{"@type":"WebSite","@id":"https:\/\/www.jadeconsulting.eu\/#website","url":"https:\/\/www.jadeconsulting.eu\/","name":"JADE Tan\u00e1csad\u00f3 \u00e9s Szolg\u00e1ltat\u00f3 Kft. hivatalos weboldala","description":"Informatika, fejleszt\u00e9s \u00e9s tan\u00e1csad\u00e1s - Microsoft Dynamics 365 Business Central \u00e9s Dynamics NAV ERP fejleszt\u00e9s \u00e9s konzult\u00e1ci\u00f3","potentialAction":[{"@type":"SearchAction","target":{"@type":"EntryPoint","urlTemplate":"https:\/\/www.jadeconsulting.eu\/?s={search_term_string}"},"query-input":{"@type":"PropertyValueSpecification","valueRequired":true,"valueName":"search_term_string"}}],"inLanguage":"hu"}]}},"jetpack_sharing_enabled":true,"jetpack-related-posts":[{"id":1576,"url":"https:\/\/www.jadeconsulting.eu\/index.php\/it-biztosnag-it-biztonsagi-tanacsadas-erthetoen-gyakorlatiasan\/","url_meta":{"origin":84,"position":0},"title":"IT Biztons\u00e1gi Tan\u00e1csad\u00e1s \u2013 \u00e9rthet\u0151en, gyakorlatiasan","author":"Zolt\u00e1n Czilj\u00e1k","date":"2025-07-24","format":false,"excerpt":"A digit\u00e1lis rendszerek addig m\u0171k\u00f6dnek j\u00f3l, am\u00edg biztons\u00e1gban vannak. Mi seg\u00edt\u00fcnk abban, hogy ez \u00edgy is maradjon \u2013 m\u00e9g akkor is, ha nincs h\u00e1zon bel\u00fcl IT-biztons\u00e1gi felel\u0151s\u00f6d. Egyre t\u00f6bb c\u00e9g ker\u00fcl olyan helyzetbe, amikor hirtelen kellene komolyan foglalkozni az IT biztons\u00e1ggal \u2013 csak \u00e9pp nincs r\u00e1 id\u0151, ember, vagy tud\u00e1s.R\u00e1ad\u00e1sul\u2026","rel":"","context":"Similar post","block_context":{"text":"Similar post","link":""},"img":{"alt_text":"","src":"https:\/\/i0.wp.com\/www.jadeconsulting.eu\/wp-content\/uploads\/2025\/07\/secu-tegla.png?resize=350%2C200&ssl=1","width":350,"height":200,"srcset":"https:\/\/i0.wp.com\/www.jadeconsulting.eu\/wp-content\/uploads\/2025\/07\/secu-tegla.png?resize=350%2C200&ssl=1 1x, https:\/\/i0.wp.com\/www.jadeconsulting.eu\/wp-content\/uploads\/2025\/07\/secu-tegla.png?resize=525%2C300&ssl=1 1.5x, https:\/\/i0.wp.com\/www.jadeconsulting.eu\/wp-content\/uploads\/2025\/07\/secu-tegla.png?resize=700%2C400&ssl=1 2x"},"classes":[]},{"id":1917,"url":"https:\/\/www.jadeconsulting.eu\/index.php\/adatvedelmi-nyilatkozat\/","url_meta":{"origin":84,"position":1},"title":"Adatv\u00e9delmi Nyilatkozat","author":"admin","date":"2025-11-21","format":false,"excerpt":"Kik vagyunk A weboldalaink c\u00edme: https:\/\/www.jadeconsulting.eu ; https:\/\/babadepo.eu ; https:\/\/www.myberill.com. Melyek azok a szem\u00e9lyes adatok, amiket gy\u0171jt\u00fcnk \u00e9s milyen c\u00e9llal gy\u0171jtj\u00fck ezeket Hozz\u00e1sz\u00f3l\u00e1sok Hozz\u00e1sz\u00f3l\u00e1s bek\u00fcld\u00e9sekor a hozz\u00e1sz\u00f3l\u00e1si \u0171rlapban megadottakon k\u00edv\u00fcl begy\u0171jt\u00e9sre ker\u00fcl a hozz\u00e1sz\u00f3l\u00f3 IP c\u00edme \u00e9s a b\u00f6ng\u00e9sz\u0151azonos\u00edt\u00f3 karakterl\u00e1nc a k\u00e9retlen tartalmak kisz\u0171r\u00e9se c\u00e9lj\u00e1b\u00f3l. Egy szem\u00e9lytelen\u00edtett, az e-mail c\u00edmb\u0151l\u2026","rel":"","context":"Similar post","block_context":{"text":"Similar post","link":""},"img":{"alt_text":"","src":"","width":0,"height":0},"classes":[]}],"_links":{"self":[{"href":"https:\/\/www.jadeconsulting.eu\/index.php\/wp-json\/wp\/v2\/pages\/84","targetHints":{"allow":["GET"]}}],"collection":[{"href":"https:\/\/www.jadeconsulting.eu\/index.php\/wp-json\/wp\/v2\/pages"}],"about":[{"href":"https:\/\/www.jadeconsulting.eu\/index.php\/wp-json\/wp\/v2\/types\/page"}],"author":[{"embeddable":true,"href":"https:\/\/www.jadeconsulting.eu\/index.php\/wp-json\/wp\/v2\/users\/123"}],"replies":[{"embeddable":true,"href":"https:\/\/www.jadeconsulting.eu\/index.php\/wp-json\/wp\/v2\/comments?post=84"}],"version-history":[{"count":0,"href":"https:\/\/www.jadeconsulting.eu\/index.php\/wp-json\/wp\/v2\/pages\/84\/revisions"}],"wp:attachment":[{"href":"https:\/\/www.jadeconsulting.eu\/index.php\/wp-json\/wp\/v2\/media?parent=84"}],"curies":[{"name":"wp","href":"https:\/\/api.w.org\/{rel}","templated":true}]}}