{"id":413,"date":"2022-12-12T16:19:26","date_gmt":"2022-12-12T15:19:26","guid":{"rendered":"https:\/\/www.jadeconsulting.eu\/index.php\/book-device\/"},"modified":"2022-12-12T16:19:26","modified_gmt":"2022-12-12T15:19:26","slug":"book-device","status":"publish","type":"page","link":"https:\/\/www.jadeconsulting.eu\/index.php\/book-device\/","title":{"rendered":"Book Device"},"content":{"rendered":"<div class=\"wc_rb_mb_wrap\"><form method=\"post\" action=\"\" name=\"wc_rb_device_form\"><div class=\"wc_rb_mb_section wc_rb_mb_manufactures\"><div class=\"wc_rb_mb_head\"><h2>Kiv\u00e1laszt Gy\u00e1rtm\u00e1ny<\/h2><\/div><div class=\"wc_rb_mb_body\"><input type=\"hidden\" id=\"wc_rb_mb_device_submit\" name=\"wc_rb_mb_device_submit\" value=\"43bc34cd90\" \/><input type=\"hidden\" name=\"_wp_http_referer\" value=\"\/index.php\/wp-json\/wp\/v2\/pages\/413\" \/><input type=\"hidden\" name=\"wcrb_thebrand_iddef\" id=\"wcrb_thebrand_iddef\" value=\"\"><ul class=\"manufacture_list\"><li><a class=\"\" href=\"#\" dt_brand_device=\"thebrand\" dt_brand_id=\"10\" title=\"Acer\"><h3>Acer<\/h3><\/a><\/li><li><a class=\"\" href=\"#\" dt_brand_device=\"thebrand\" dt_brand_id=\"61\" title=\"Adata\"><h3>Adata<\/h3><\/a><\/li><li><a class=\"\" href=\"#\" dt_brand_device=\"thebrand\" dt_brand_id=\"51\" title=\"Apple\"><h3>Apple<\/h3><\/a><\/li><li><a class=\"\" href=\"#\" dt_brand_device=\"thebrand\" dt_brand_id=\"9\" title=\"ASUS\"><h3>ASUS<\/h3><\/a><\/li><li><a class=\"\" href=\"#\" dt_brand_device=\"thebrand\" dt_brand_id=\"38\" title=\"Auchan\"><h3>Auchan<\/h3><\/a><\/li><li><a class=\"\" href=\"#\" dt_brand_device=\"thebrand\" dt_brand_id=\"25\" title=\"Canon\"><h3>Canon<\/h3><\/a><\/li><li><a class=\"\" href=\"#\" dt_brand_device=\"thebrand\" dt_brand_id=\"37\" title=\"Chili Green\"><h3>Chili Green<\/h3><\/a><\/li><li><a class=\"\" href=\"#\" dt_brand_device=\"thebrand\" dt_brand_id=\"56\" title=\"Clevo\"><h3>Clevo<\/h3><\/a><\/li><li><a class=\"\" href=\"#\" dt_brand_device=\"thebrand\" dt_brand_id=\"8\" title=\"DELL\"><h3>DELL<\/h3><\/a><\/li><li><a class=\"\" href=\"#\" dt_brand_device=\"thebrand\" dt_brand_id=\"80\" title=\"DigiFusion\"><h3>DigiFusion<\/h3><\/a><\/li><li><a class=\"\" href=\"#\" dt_brand_device=\"thebrand\" dt_brand_id=\"42\" title=\"EPSON\"><h3>EPSON<\/h3><\/a><\/li><li><a class=\"\" href=\"#\" dt_brand_device=\"thebrand\" dt_brand_id=\"33\" title=\"Fujitsu Siemens\"><h3>Fujitsu Siemens<\/h3><\/a><\/li><li><a class=\"\" href=\"#\" dt_brand_device=\"thebrand\" dt_brand_id=\"26\" title=\"GERICOM\"><h3>GERICOM<\/h3><\/a><\/li><li><a class=\"\" href=\"#\" dt_brand_device=\"thebrand\" dt_brand_id=\"77\" title=\"GIGABYTE\"><h3>GIGABYTE<\/h3><\/a><\/li><li><a class=\"\" href=\"#\" dt_brand_device=\"thebrand\" dt_brand_id=\"7\" title=\"HP (Hewlett Packard)\"><h3>HP (Hewlett Packard)<\/h3><\/a><\/li><li><a class=\"\" href=\"#\" dt_brand_device=\"thebrand\" dt_brand_id=\"55\" title=\"HUAWEI\"><h3>HUAWEI<\/h3><\/a><\/li><li><a class=\"\" href=\"#\" dt_brand_device=\"thebrand\" dt_brand_id=\"41\" title=\"Imperium\"><h3>Imperium<\/h3><\/a><\/li><li><a class=\"\" href=\"#\" dt_brand_device=\"thebrand\" dt_brand_id=\"57\" title=\"KUU\"><h3>KUU<\/h3><\/a><\/li><li><a class=\"\" href=\"#\" dt_brand_device=\"thebrand\" dt_brand_id=\"14\" title=\"Lenovo\"><h3>Lenovo<\/h3><\/a><\/li><li><a class=\"\" href=\"#\" dt_brand_device=\"thebrand\" dt_brand_id=\"34\" title=\"LG\"><h3>LG<\/h3><\/a><\/li><li><a class=\"\" href=\"#\" dt_brand_device=\"thebrand\" dt_brand_id=\"39\" title=\"Medion\"><h3>Medion<\/h3><\/a><\/li><li><a class=\"\" href=\"#\" dt_brand_device=\"thebrand\" dt_brand_id=\"66\" title=\"NAVON\"><h3>NAVON<\/h3><\/a><\/li><li><a class=\"\" href=\"#\" dt_brand_device=\"thebrand\" dt_brand_id=\"16\" title=\"Nincs megadva\"><h3>Nincs megadva<\/h3><\/a><\/li><li><a class=\"\" href=\"#\" dt_brand_device=\"thebrand\" dt_brand_id=\"12\" title=\"Packard Bell\"><h3>Packard Bell<\/h3><\/a><\/li><li><a class=\"\" href=\"#\" dt_brand_device=\"thebrand\" dt_brand_id=\"78\" title=\"PEAQ\"><h3>PEAQ<\/h3><\/a><\/li><li><a class=\"\" href=\"#\" dt_brand_device=\"thebrand\" dt_brand_id=\"50\" title=\"Samsung\"><h3>Samsung<\/h3><\/a><\/li><li><a class=\"\" href=\"#\" dt_brand_device=\"thebrand\" dt_brand_id=\"27\" title=\"Sony\"><h3>Sony<\/h3><\/a><\/li><li><a class=\"\" href=\"#\" dt_brand_device=\"thebrand\" dt_brand_id=\"11\" title=\"Toshiba\"><h3>Toshiba<\/h3><\/a><\/li><li><a class=\"\" href=\"#\" dt_brand_device=\"thebrand\" dt_brand_id=\"64\" title=\"Western Digital\"><h3>Western Digital<\/h3><\/a><\/li><li><a class=\"\" href=\"#\" dt_brand_device=\"thebrand\" dt_brand_id=\"53\" title=\"Xerox\"><h3>Xerox<\/h3><\/a><\/li><li class=\"wcrb-other-color\"><a class=\"\" href=\"#\" dt_brand_device=\"thebrand\" dt_brand_id=\"brand_other\" title=\"M\u00e1s\"><h3>M\u00e1s<\/h3><\/a><\/li><\/ul><\/div><!-- body ends \/--><\/div><div class=\"wc_rb_mb_section wc_rb_mb_device\"><input name=\"add_more_device_label\" type=\"hidden\" value=\"Adj hozz\u00e1 m\u00e9g egyet Eszk\u00f6z\" \/><input name=\"select_service_label\" type=\"hidden\" value=\"Select service\" \/><input name=\"enter_device_label_missing_msg\" type=\"hidden\" value=\"K\u00e9rj\u00fck, adja meg az eszk\u00f6z nev\u00e9t, vagy v\u00e1lasszon ki egy m\u00e1sik eszk\u00f6zt, \u00e9s t\u00e1vol\u00edtsa el a nem sz\u00fcks\u00e9ges eszk\u00f6z\u00f6ket.\" \/><div class=\"wc_rb_mb_head\"><h2>Kiv\u00e1laszt Eszk\u00f6z<\/h2><\/div><input type=\"hidden\" name=\"wcrb_thedevice_id\" id=\"wcrb_thedevice_id\" value=\"\"><input type=\"hidden\" name=\"wcrb_thedevice_iddef\" id=\"wcrb_thedevice_iddef\" value=\"\"><div class=\"wc_rb_mb_body text-center device-message\">K\u00e9rj\u00fck, v\u00e1lassza ki a gy\u00e1rt\u00f3t az eszk\u00f6z\u00f6k list\u00e1z\u00e1s\u00e1hoz<br>Amennyiben elt\u00e9r\u0151 eszk\u00f6zzel rendelkezik vagy m\u00e1s k\u00e9rd\u00e9se volna, k\u00e9rj\u00fck vegye fel vel\u00fcnk a kapcsolatot.<\/div><!-- body ends \/--><div class=\"wc_rb_mb_body selected_devices\"><div class=\"selected_devices_message\"><\/div><\/div><!-- Selected Devices \/--><\/div><div class=\"wcrb_services_holder\"><div class=\"wcrb_services_holder_message\"><\/div><\/div><div class=\"wc_rb_mb_section wc_rb_mb_customer displayNone\"><div class=\"wc_rb_mb_head\"><h2>Vev\u0151i adatok<\/h2><\/div><div class=\"wcrb_container wc_rb_mb_body final_customer_message grid-container fluid\"><div class=\"customer-details-section\" data-section=\"customer_details\" ><div class=\"customer-details-form\"><div class=\"form-grid\"><div class=\"form-field\"><label>Keresztn\u00e9v *<input type=\"text\" name=\"firstName\" value=\"\" class=\"form-control login-field\" placeholder=\"Keresztn\u00e9v\" required \/><\/label><\/div><div class=\"form-field\"><label>Vezet\u00e9kn\u00e9v *<input type=\"text\" name=\"lastName\" value=\"\" class=\"form-control login-field\" placeholder=\"Vezet\u00e9kn\u00e9v\" required \/><\/label><\/div><div class=\"form-field\"><label>E-mailc\u00edm *<input type=\"email\" name=\"userEmail\" value=\"\" class=\"form-control login-field\" placeholder=\"E-mailc\u00edm\" required \/><\/label><\/div><div class=\"form-field\"><label>Telefonsz\u00e1m *<input type=\"tel\" name=\"phoneNumber_ol\" value=\"\" class=\"form-control login-field\" placeholder=\"Telefonsz\u00e1m\" required \/><\/label><\/div><div class=\"form-field\"><label>V\u00e1llalat<input type=\"text\" name=\"userCompany\" value=\"\" class=\"form-control login-field\" placeholder=\"V\u00e1llalat\" \/><\/label><\/div><div class=\"form-field\"><label>Ad\u00f3sz\u00e1m<input type=\"text\" name=\"billing_tax\" value=\"\" class=\"form-control login-field\" placeholder=\"Ad\u00f3sz\u00e1m\" \/><\/label><\/div><div class=\"form-field\"><label>C\u00edm<input type=\"text\" name=\"userAddress\" value=\"\" class=\"form-control login-field\" placeholder=\"C\u00edm\" \/><\/label><\/div><div class=\"form-field\"><label>Telep\u00fcl\u00e9s<input type=\"text\" name=\"userCity\" value=\"\" class=\"form-control login-field\" placeholder=\"Telep\u00fcl\u00e9s\" \/><\/label><\/div><div class=\"form-field\"><label>State<input type=\"text\" name=\"userState\" value=\"\" class=\"form-control login-field\" placeholder=\"State\" \/><\/label><\/div><div class=\"form-field\"><label>Postal code<input type=\"text\" name=\"postalCode\" value=\"\" class=\"form-control login-field\" placeholder=\"Postal code\" \/><\/label><\/div><div class=\"form-field\"><label>Orsz\u00e1g<select name=\"userCountry\" class=\"form-control login-field\" ><option value=\"\">V\u00e1lasszon orsz\u00e1got<\/option><option value=\"\" selected=\"selected\">V\u00e1lasszon orsz\u00e1got<\/option><option value=\"AF\">Afganiszt\u00e1n<\/option><option value=\"AL\">Alb\u00e1nia<\/option><option value=\"DZ\">Alg\u00e9ria<\/option><option value=\"AS\">Amerikai Szamoa<\/option><option value=\"AD\">Andorra<\/option><option value=\"AO\">Angola<\/option><option value=\"AI\">Anguilla<\/option><option value=\"AQ\">Antarktisz<\/option><option value=\"AG\">Antigua \u00e9s Barbuda<\/option><option value=\"AR\">Argent\u00edna<\/option><option value=\"AM\">\u00d6rm\u00e9nyorsz\u00e1g<\/option><option value=\"AW\">Aruba<\/option><option value=\"AU\">Ausztr\u00e1lia<\/option><option value=\"AT\">Ausztria<\/option><option value=\"AZ\">Azerbajdzs\u00e1n<\/option><option value=\"BS\">Baham\u00e1k<\/option><option value=\"BH\">Bahrein<\/option><option value=\"BD\">Banglades<\/option><option value=\"BB\">Barbados<\/option><option value=\"BY\">Feh\u00e9roroszorsz\u00e1g<\/option><option value=\"BE\">Belgium<\/option><option value=\"BZ\">Beliz<\/option><option value=\"BJ\">Benin<\/option><option value=\"BM\">Bermuda<\/option><option value=\"BT\">Bhut\u00e1n<\/option><option value=\"BO\">Bol\u00edvia<\/option><option value=\"BA\">Bosznia-Hercegovina<\/option><option value=\"BW\">Botswana<\/option><option value=\"BV\">Bouvet-sziget<\/option><option value=\"BR\">Braz\u00edlia<\/option><option value=\"IO\">Brit Indiai-\u00f3ce\u00e1ni Ter\u00fclet<\/option><option value=\"BN\">Brunei Darussalam \u00c1llam<\/option><option value=\"BG\">Bulg\u00e1ria<\/option><option value=\"BF\">Burkina Faso<\/option><option value=\"BI\">Burundi<\/option><option value=\"KH\">Kambodzsa<\/option><option value=\"CM\">Kamerun<\/option><option value=\"CA\">Kanada<\/option><option value=\"CV\">Z\u00f6ld-foki K\u00f6zt\u00e1rsas\u00e1g<\/option><option value=\"KY\">Kajm\u00e1n-szigetek<\/option><option value=\"CF\">K\u00f6z\u00e9p-Afrikai K\u00f6zt\u00e1rsas\u00e1g<\/option><option value=\"TD\">Cs\u00e1d<\/option><option value=\"CL\">Chile<\/option><option value=\"CN\">K\u00edna<\/option><option value=\"CX\">Kar\u00e1csony-sziget<\/option><option value=\"CC\">K\u00f3kusz (Keeling)-szigetek<\/option><option value=\"CO\">Kolumbia<\/option><option value=\"KM\">Comore-szigetek<\/option><option value=\"CG\">Kong\u00f3<\/option><option value=\"CD\">Kong\u00f3i Demokratikus K\u00f6zt\u00e1rsas\u00e1g<\/option><option value=\"CK\">Cook-szigetek<\/option><option value=\"CR\">Costa Rica<\/option><option value=\"CI\">Elef\u00e1ntcsontpart<\/option><option value=\"HR\">Horv\u00e1torsz\u00e1g<\/option><option value=\"CU\">Kuba<\/option><option value=\"CY\">Ciprus<\/option><option value=\"CZ\">Cseh K\u00f6zt\u00e1rsas\u00e1g<\/option><option value=\"DK\">D\u00e1nia<\/option><option value=\"DJ\">Dzsibuti<\/option><option value=\"DM\">Dominika<\/option><option value=\"DO\">Dominikai K\u00f6zt\u00e1rsas\u00e1g<\/option><option value=\"EC\">Ecuador<\/option><option value=\"EG\">Egyiptom<\/option><option value=\"SV\">El Salvador<\/option><option value=\"GQ\">Egyenl\u00edt\u0151i Guinea<\/option><option value=\"ER\">Eritrea<\/option><option value=\"EE\">\u00c9sztorsz\u00e1g<\/option><option value=\"ET\">Eti\u00f3pia<\/option><option value=\"FK\">Falkland-szigetek<\/option><option value=\"FO\">Fer\u00f6er-szigetek<\/option><option value=\"FJ\">Fidzsi-szigetek<\/option><option value=\"FI\">Finnorsz\u00e1g<\/option><option value=\"FR\">Franciaorsz\u00e1g<\/option><option value=\"GF\">Francia Guiana<\/option><option value=\"PF\">Francia Polin\u00e9zia<\/option><option value=\"TF\">Francia D\u00e9li \u00e9s Antarktiszi Ter\u00fcletek<\/option><option value=\"GA\">Gabon<\/option><option value=\"GM\">Gambia<\/option><option value=\"GE\">Gr\u00fazia<\/option><option value=\"DE\">N\u00e9metorsz\u00e1g<\/option><option value=\"GH\">Gh\u00e1na<\/option><option value=\"GI\">Gibralt\u00e1r<\/option><option value=\"GR\">G\u00f6r\u00f6gorsz\u00e1g<\/option><option value=\"GL\">Gr\u00f6nland<\/option><option value=\"GD\">Grenada<\/option><option value=\"GP\">Guadelupe<\/option><option value=\"GU\">Guam<\/option><option value=\"GT\">Guatemala<\/option><option value=\"GN\">Guinea<\/option><option value=\"GW\">Bissau-Guinea<\/option><option value=\"GY\">Guyana<\/option><option value=\"HT\">Haiti<\/option><option value=\"HM\">Heard-sziget \u00e9s McDonald-szigetek<\/option><option value=\"VA\">Szentsz\u00e9k (Vatik\u00e1ni V\u00e1ros\u00e1llam)<\/option><option value=\"HN\">Honduras<\/option><option value=\"HK\">Hong Kong<\/option><option value=\"HU\">Magyarorsz\u00e1g<\/option><option value=\"IS\">Izland<\/option><option value=\"IN\">India<\/option><option value=\"ID\">Indon\u00e9zia<\/option><option value=\"IR\">Ir\u00e1ni Iszl\u00e1m K\u00f6zt\u00e1rsas\u00e1g<\/option><option value=\"IQ\">Irak<\/option><option value=\"IE\">\u00cdrorsz\u00e1g<\/option><option value=\"IL\">Izrael<\/option><option value=\"IT\">Olaszorsz\u00e1g<\/option><option value=\"JM\">Jamaika<\/option><option value=\"JP\">Jap\u00e1n<\/option><option value=\"JO\">Jord\u00e1nia<\/option><option value=\"KZ\">Kazahszt\u00e1n<\/option><option value=\"KE\">Kenya<\/option><option value=\"KI\">Kiribati<\/option><option value=\"KP\">Koreai N\u00e9pi Demokratikus K\u00f6zt\u00e1rsas\u00e1g<\/option><option value=\"KR\">Koreai K\u00f6zt\u00e1rsas\u00e1g<\/option><option value=\"KW\">Kuvait<\/option><option value=\"KG\">Kirgiziszt\u00e1n<\/option><option value=\"LA\">Laoszi N\u00e9pi Demokratikus K\u00f6zt\u00e1rsas\u00e1g<\/option><option value=\"LV\">Lettorsz\u00e1g<\/option><option value=\"LB\">Libanon<\/option><option value=\"LS\">Lesotho<\/option><option value=\"LR\">Lib\u00e9ria<\/option><option value=\"LY\">L\u00edbia<\/option><option value=\"LI\">Liechtenstein<\/option><option value=\"LT\">Litv\u00e1nia<\/option><option value=\"LU\">Luxemburg<\/option><option value=\"MO\">Maka\u00f3<\/option><option value=\"MK\">Maced\u00f3nia, Volt Jugoszl\u00e1v K\u00f6zt\u00e1rsas\u00e1g<\/option><option value=\"MG\">Madagaszk\u00e1r<\/option><option value=\"MW\">Malawi<\/option><option value=\"MY\">Malajzia<\/option><option value=\"MV\">Mald\u00edv-szigetek<\/option><option value=\"ML\">Mali<\/option><option value=\"MT\">M\u00e1lta<\/option><option value=\"MH\">Marshall-szigetek<\/option><option value=\"MQ\">Martinique<\/option><option value=\"MR\">Maurit\u00e1nia<\/option><option value=\"MU\">Maur\u00edciusz<\/option><option value=\"YT\">Mayotte<\/option><option value=\"MX\">Mexik\u00f3<\/option><option value=\"FM\">Mikron\u00e9ziai Sz\u00f6vets\u00e9gi \u00c1llamok<\/option><option value=\"MD\">Moldovai K\u00f6zt\u00e1rsas\u00e1g<\/option><option value=\"MC\">Monaco<\/option><option value=\"MN\">Mong\u00f3lia<\/option><option value=\"MS\">Montserrat<\/option><option value=\"MA\">Marokk\u00f3<\/option><option value=\"MZ\">Mozambik<\/option><option value=\"MM\">Mianmar<\/option><option value=\"NA\">Nam\u00edbia<\/option><option value=\"NR\">Nauru<\/option><option value=\"NP\">Nep\u00e1l<\/option><option value=\"NL\">Hollandia<\/option><option value=\"AN\">Holland Antill\u00e1k<\/option><option value=\"NC\">\u00daj-Kaled\u00f3nia<\/option><option value=\"NZ\">\u00daj-Z\u00e9land<\/option><option value=\"NI\">Nicaragua<\/option><option value=\"NE\">Niger<\/option><option value=\"NG\">Nig\u00e9ria<\/option><option value=\"NU\">Niue<\/option><option value=\"NF\">Norfolk-sziget<\/option><option value=\"MP\">\u00c9szaki Mariana-szigetek<\/option><option value=\"NO\">Norv\u00e9gia<\/option><option value=\"OM\">Om\u00e1n<\/option><option value=\"PK\">Pakiszt\u00e1n<\/option><option value=\"PW\">Palau<\/option><option value=\"PS\">Palesztina<\/option><option value=\"PA\">Panama<\/option><option value=\"PG\">P\u00e1pua \u00daj-Guinea<\/option><option value=\"PY\">Paraguay<\/option><option value=\"PE\">Peru<\/option><option value=\"PH\">F\u00fcl\u00f6p-szigetek<\/option><option value=\"PN\">Pitcairn-szigetek<\/option><option value=\"PL\">Lengyelorsz\u00e1g<\/option><option value=\"PT\">Portug\u00e1lia<\/option><option value=\"PR\">Puerto Rico<\/option><option value=\"QA\">Katar<\/option><option value=\"RE\">Reunion<\/option><option value=\"RO\">Rom\u00e1nia<\/option><option value=\"RU\">Oroszorsz\u00e1g<\/option><option value=\"RW\">Ruanda<\/option><option value=\"SH\">Szent Ilona<\/option><option value=\"KN\">Saint Kitts \u00e9s Nevis<\/option><option value=\"LC\">Saint Lucia<\/option><option value=\"PM\">Saint-Pierre \u00e9s Miquelon<\/option><option value=\"VC\">Saint Vincent \u00e9s a Grenadine-szigetek<\/option><option value=\"WS\">Szamoa<\/option><option value=\"SM\">San Marino<\/option><option value=\"ST\">Sao Tome \u00e9s Principe<\/option><option value=\"SA\">Sza\u00fad-Ar\u00e1bia<\/option><option value=\"SN\">Szeneg\u00e1l<\/option><option value=\"CS\">Szerbia \u00e9s Montenegro<\/option><option value=\"SC\">Seychelle-szigetek<\/option><option value=\"SL\">Sierra Leone<\/option><option value=\"SG\">Szingap\u00far<\/option><option value=\"SK\">Szlov\u00e1kia<\/option><option value=\"SI\">Szlov\u00e9nia<\/option><option value=\"SB\">Salamon-szigetek<\/option><option value=\"SO\">Szom\u00e1lia<\/option><option value=\"ZA\">D\u00e9l-Afrika<\/option><option value=\"GS\">D\u00e9l-Georgia \u00e9s a D\u00e9li Szendvics-szigetek<\/option><option value=\"ES\">Spanyolorsz\u00e1g<\/option><option value=\"LK\">Sr\u00ed Lanka<\/option><option value=\"SD\">Szud\u00e1n<\/option><option value=\"SR\">Suriname<\/option><option value=\"SJ\">Svalbard- \u00e9s Jan Mayen-szigetek<\/option><option value=\"SZ\">Szv\u00e1zif\u00f6ld<\/option><option value=\"SE\">Sv\u00e9dorsz\u00e1g<\/option><option value=\"CH\">Sv\u00e1jc<\/option><option value=\"SY\">Sz\u00edriai Arab K\u00f6zt\u00e1rsas\u00e1g<\/option><option value=\"TW\">Tajvan<\/option><option value=\"TJ\">Tadzsikiszt\u00e1n<\/option><option value=\"TZ\">Tanz\u00e1nia, Egyes\u00fclt K\u00f6zt\u00e1rsas\u00e1g<\/option><option value=\"TH\">Thaif\u00f6ld<\/option><option value=\"TL\">Kelet-Timor<\/option><option value=\"TG\">Togo<\/option><option value=\"TK\">Tokelau-szigetek<\/option><option value=\"TO\">Tonga<\/option><option value=\"TT\">Trinidad \u00e9s Tobago<\/option><option value=\"TN\">Tun\u00e9zia<\/option><option value=\"TR\">T\u00f6r\u00f6korsz\u00e1g<\/option><option value=\"TM\">T\u00fcrkmeniszt\u00e1n<\/option><option value=\"TC\">Turks- \u00e9s Caicos-szigetek<\/option><option value=\"TV\">Tuvalu<\/option><option value=\"UG\">Uganda<\/option><option value=\"UA\">Ukrajna<\/option><option value=\"AE\">Egyes\u00fclt Arab Em\u00edrs\u00e9gek<\/option><option value=\"GB\">Egyes\u00fclt Kir\u00e1lys\u00e1g<\/option><option value=\"US\">Egyes\u00fclt \u00c1llamok<\/option><option value=\"UM\">Amerikai Egyes\u00fclt \u00c1llamok k\u00fclbirtokai<\/option><option value=\"UY\">Uruguay<\/option><option value=\"UZ\">\u00dczbegiszt\u00e1n<\/option><option value=\"VU\">Vanuatu<\/option><option value=\"VE\">Venezuela<\/option><option value=\"VN\">Vietn\u00e1m<\/option><option value=\"VG\">Brit Virgin-szigetek<\/option><option value=\"VI\">Amerikai Virgin-szigetek<\/option><option value=\"WF\">Wallis \u00e9s Futuna<\/option><option value=\"EH\">Nyugat-Szahara<\/option><option value=\"YE\">Jemen<\/option><option value=\"ZM\">Zambia<\/option><option value=\"ZW\">Zimbabwe<\/option><\/select><\/label><\/div><\/div><div class=\"form-field full-width\"><label for=\"jobDetails\">Describe the problem, symptoms, or any special instructions.<\/label><textarea id=\"jobDetails\" name=\"jobDetails\" rows=\"4\" required placeholder=\"Describe the problem, symptoms, or any special instructions.\"><\/textarea><\/div><div class=\"attachmentserror\"><\/div><div class=\"jobAttachments displayNone\" id=\"jobAttachments\"><\/div><label for=\"reciepetAttachment\" class=\"btn wcrbmargin-bt btn-secondary button secondary\">F\u00e1jl hozz\u00e1ad\u00e1sa csatolm\u00e1nyk\u00e9nt<\/label>\r\n                      <input type=\"file\" id=\"reciepetAttachment\" name=\"reciepetAttachment\" data-security=\"a6607c0193\" class=\"show-for-sr\"><div class=\"grid-x grid-margin-x\"><div class=\"medium-12 cell\"><label><input type=\"checkbox\" name=\"theGdprAccept\" required value=\"Yes\" \/> (*) Elfogadom az adatv\u00e9delmi ir\u00e1nyelveket.<\/label><\/div><!-- column Ends \/--><\/div><!-- grid-x ends \/--><div id=\"repairbuddy-captcha-placeholder\" class=\"repairbuddy-captcha-field\"><div class=\"captcha-loader\">Biztons\u00e1gi ellen\u0151rz\u00e9s bet\u00f6lt\u00e9se...<\/div><\/div><div class=\"wcrbbookingalert\"><\/div><button type=\"submit\" class=\"btn btn-primary button primary btnfwd submit_booking_btn bookingaction\">Submit Booking<\/button><\/div><\/div><input type=\"hidden\" name=\"form_type\" value=\"wc_rb_booking_form\" \/><\/div><!-- body ends \/--><div class=\"booking_message\"><\/div><\/div><\/div><!-- wc_rb_mb_wrap Ends \/--><\/form>\n","protected":false},"excerpt":{"rendered":"","protected":false},"author":123,"featured_media":0,"parent":0,"menu_order":0,"comment_status":"closed","ping_status":"closed","template":"","meta":{"footnotes":""},"class_list":["post-413","page","type-page","status-publish","hentry"],"yoast_head":"<!-- This site is optimized with the Yoast SEO plugin v27.4 - https:\/\/yoast.com\/product\/yoast-seo-wordpress\/ -->\n<title>Book Device - JADE Tan\u00e1csad\u00f3 \u00e9s Szolg\u00e1ltat\u00f3 Kft. hivatalos weboldala<\/title>\n<meta name=\"robots\" content=\"index, follow, max-snippet:-1, max-image-preview:large, max-video-preview:-1\" \/>\n<link rel=\"canonical\" href=\"https:\/\/www.jadeconsulting.eu\/index.php\/book-device\/\" \/>\n<meta property=\"og:locale\" content=\"hu_HU\" \/>\n<meta property=\"og:type\" content=\"article\" \/>\n<meta property=\"og:title\" content=\"Book Device - JADE Tan\u00e1csad\u00f3 \u00e9s Szolg\u00e1ltat\u00f3 Kft. hivatalos weboldala\" \/>\n<meta property=\"og:url\" content=\"https:\/\/www.jadeconsulting.eu\/index.php\/book-device\/\" \/>\n<meta property=\"og:site_name\" content=\"JADE Tan\u00e1csad\u00f3 \u00e9s Szolg\u00e1ltat\u00f3 Kft. hivatalos weboldala\" \/>\n<meta name=\"twitter:card\" content=\"summary_large_image\" \/>\n<script type=\"application\/ld+json\" class=\"yoast-schema-graph\">{\"@context\":\"https:\\\/\\\/schema.org\",\"@graph\":[{\"@type\":\"WebPage\",\"@id\":\"https:\\\/\\\/www.jadeconsulting.eu\\\/index.php\\\/book-device\\\/\",\"url\":\"https:\\\/\\\/www.jadeconsulting.eu\\\/index.php\\\/book-device\\\/\",\"name\":\"Book Device - JADE Tan\u00e1csad\u00f3 \u00e9s Szolg\u00e1ltat\u00f3 Kft. hivatalos weboldala\",\"isPartOf\":{\"@id\":\"https:\\\/\\\/www.jadeconsulting.eu\\\/#website\"},\"datePublished\":\"2022-12-12T15:19:26+00:00\",\"breadcrumb\":{\"@id\":\"https:\\\/\\\/www.jadeconsulting.eu\\\/index.php\\\/book-device\\\/#breadcrumb\"},\"inLanguage\":\"hu\",\"potentialAction\":[{\"@type\":\"ReadAction\",\"target\":[\"https:\\\/\\\/www.jadeconsulting.eu\\\/index.php\\\/book-device\\\/\"]}]},{\"@type\":\"BreadcrumbList\",\"@id\":\"https:\\\/\\\/www.jadeconsulting.eu\\\/index.php\\\/book-device\\\/#breadcrumb\",\"itemListElement\":[{\"@type\":\"ListItem\",\"position\":1,\"name\":\"Home\",\"item\":\"https:\\\/\\\/www.jadeconsulting.eu\\\/\"},{\"@type\":\"ListItem\",\"position\":2,\"name\":\"Book Device\"}]},{\"@type\":\"WebSite\",\"@id\":\"https:\\\/\\\/www.jadeconsulting.eu\\\/#website\",\"url\":\"https:\\\/\\\/www.jadeconsulting.eu\\\/\",\"name\":\"JADE Tan\u00e1csad\u00f3 \u00e9s Szolg\u00e1ltat\u00f3 Kft. hivatalos weboldala\",\"description\":\"Informatika, fejleszt\u00e9s \u00e9s tan\u00e1csad\u00e1s - Microsoft Dynamics 365 Business Central \u00e9s Dynamics NAV ERP fejleszt\u00e9s \u00e9s konzult\u00e1ci\u00f3\",\"potentialAction\":[{\"@type\":\"SearchAction\",\"target\":{\"@type\":\"EntryPoint\",\"urlTemplate\":\"https:\\\/\\\/www.jadeconsulting.eu\\\/?s={search_term_string}\"},\"query-input\":{\"@type\":\"PropertyValueSpecification\",\"valueRequired\":true,\"valueName\":\"search_term_string\"}}],\"inLanguage\":\"hu\"}]}<\/script>\n<!-- \/ Yoast SEO plugin. -->","yoast_head_json":{"title":"Book Device - JADE Tan\u00e1csad\u00f3 \u00e9s Szolg\u00e1ltat\u00f3 Kft. hivatalos weboldala","robots":{"index":"index","follow":"follow","max-snippet":"max-snippet:-1","max-image-preview":"max-image-preview:large","max-video-preview":"max-video-preview:-1"},"canonical":"https:\/\/www.jadeconsulting.eu\/index.php\/book-device\/","og_locale":"hu_HU","og_type":"article","og_title":"Book Device - JADE Tan\u00e1csad\u00f3 \u00e9s Szolg\u00e1ltat\u00f3 Kft. hivatalos weboldala","og_url":"https:\/\/www.jadeconsulting.eu\/index.php\/book-device\/","og_site_name":"JADE Tan\u00e1csad\u00f3 \u00e9s Szolg\u00e1ltat\u00f3 Kft. hivatalos weboldala","twitter_card":"summary_large_image","schema":{"@context":"https:\/\/schema.org","@graph":[{"@type":"WebPage","@id":"https:\/\/www.jadeconsulting.eu\/index.php\/book-device\/","url":"https:\/\/www.jadeconsulting.eu\/index.php\/book-device\/","name":"Book Device - JADE Tan\u00e1csad\u00f3 \u00e9s Szolg\u00e1ltat\u00f3 Kft. hivatalos weboldala","isPartOf":{"@id":"https:\/\/www.jadeconsulting.eu\/#website"},"datePublished":"2022-12-12T15:19:26+00:00","breadcrumb":{"@id":"https:\/\/www.jadeconsulting.eu\/index.php\/book-device\/#breadcrumb"},"inLanguage":"hu","potentialAction":[{"@type":"ReadAction","target":["https:\/\/www.jadeconsulting.eu\/index.php\/book-device\/"]}]},{"@type":"BreadcrumbList","@id":"https:\/\/www.jadeconsulting.eu\/index.php\/book-device\/#breadcrumb","itemListElement":[{"@type":"ListItem","position":1,"name":"Home","item":"https:\/\/www.jadeconsulting.eu\/"},{"@type":"ListItem","position":2,"name":"Book Device"}]},{"@type":"WebSite","@id":"https:\/\/www.jadeconsulting.eu\/#website","url":"https:\/\/www.jadeconsulting.eu\/","name":"JADE Tan\u00e1csad\u00f3 \u00e9s Szolg\u00e1ltat\u00f3 Kft. hivatalos weboldala","description":"Informatika, fejleszt\u00e9s \u00e9s tan\u00e1csad\u00e1s - Microsoft Dynamics 365 Business Central \u00e9s Dynamics NAV ERP fejleszt\u00e9s \u00e9s konzult\u00e1ci\u00f3","potentialAction":[{"@type":"SearchAction","target":{"@type":"EntryPoint","urlTemplate":"https:\/\/www.jadeconsulting.eu\/?s={search_term_string}"},"query-input":{"@type":"PropertyValueSpecification","valueRequired":true,"valueName":"search_term_string"}}],"inLanguage":"hu"}]}},"jetpack_sharing_enabled":true,"jetpack-related-posts":[],"_links":{"self":[{"href":"https:\/\/www.jadeconsulting.eu\/index.php\/wp-json\/wp\/v2\/pages\/413","targetHints":{"allow":["GET"]}}],"collection":[{"href":"https:\/\/www.jadeconsulting.eu\/index.php\/wp-json\/wp\/v2\/pages"}],"about":[{"href":"https:\/\/www.jadeconsulting.eu\/index.php\/wp-json\/wp\/v2\/types\/page"}],"author":[{"embeddable":true,"href":"https:\/\/www.jadeconsulting.eu\/index.php\/wp-json\/wp\/v2\/users\/123"}],"replies":[{"embeddable":true,"href":"https:\/\/www.jadeconsulting.eu\/index.php\/wp-json\/wp\/v2\/comments?post=413"}],"version-history":[{"count":0,"href":"https:\/\/www.jadeconsulting.eu\/index.php\/wp-json\/wp\/v2\/pages\/413\/revisions"}],"wp:attachment":[{"href":"https:\/\/www.jadeconsulting.eu\/index.php\/wp-json\/wp\/v2\/media?parent=413"}],"curies":[{"name":"wp","href":"https:\/\/api.w.org\/{rel}","templated":true}]}}