{"id":4,"date":"2018-01-25T13:20:29","date_gmt":"2018-01-25T13:20:29","guid":{"rendered":"https:\/\/www.jadeconsulting.eu\/?page_id=4"},"modified":"2019-03-16T14:27:03","modified_gmt":"2019-03-16T14:27:03","slug":"kezdolap","status":"publish","type":"page","link":"https:\/\/www.jadeconsulting.eu\/","title":{"rendered":"Kezd\u0151lap"},"content":{"rendered":"<p>\u00dcdv\u00f6z\u00f6lj\u00fck meg\u00fajult weboldalunkon!<\/p>\n<p>K\u00e9rj\u00fck, hogy \u00e9rdekl\u0151d\u00e9s\u00e9nek megfelel\u0151en els\u0151 l\u00e9p\u00e9sk\u00e9nt v\u00e1lassza ki c\u00e9g\u00fcnk mely szolg\u00e1ltat\u00e1sa, ter\u00fclete kapcs\u00e1n \u00e9rdekl\u0151dik \u00e9s szeretne tov\u00e1bbi inform\u00e1ci\u00f3hoz jutni.<\/p>\n<p>Amennyiben visszah\u00edv\u00e1st szeretne, azt egyszer\u0171en ig\u00e9nyelheti a Kapcsolat \u0171rlapon kereszt\u00fcl, koll\u00e9g\u00e1ink 24 \u00f3r\u00e1n bel\u00fcl jelentkeznek \u00d6nn\u00e9l telefonon \u00e9s\/vagy e-mail form\u00e1j\u00e1ban.<\/p>\n<p>Rem\u00e9lj\u00fck, hogy \u00faj weboldalunk elnyeri tetsz\u00e9s\u00e9t, tov\u00e1bbi kellemes b\u00f6ng\u00e9sz\u00e9t k\u00edv\u00e1nunk!<\/p>\n<p>Tisztelettel,<\/p>\n<p>A JADE Tan\u00e1csad\u00f3 Kft. csapata<\/p>\n","protected":false},"excerpt":{"rendered":"<p>\u00dcdv\u00f6z\u00f6lj\u00fck meg\u00fajult weboldalunkon! K\u00e9rj\u00fck, hogy \u00e9rdekl\u0151d\u00e9s\u00e9nek megfelel\u0151en els\u0151 l\u00e9p\u00e9sk\u00e9nt v\u00e1lassza ki c\u00e9g\u00fcnk mely szolg\u00e1ltat\u00e1sa, ter\u00fclete kapcs\u00e1n \u00e9rdekl\u0151dik \u00e9s szeretne tov\u00e1bbi inform\u00e1ci\u00f3hoz jutni. Amennyiben visszah\u00edv\u00e1st szeretne, azt egyszer\u0171en ig\u00e9nyelheti a Kapcsolat \u0171rlapon kereszt\u00fcl, koll\u00e9g\u00e1ink 24 \u00f3r\u00e1n bel\u00fcl jelentkeznek \u00d6nn\u00e9l telefonon \u00e9s\/vagy e-mail form\u00e1j\u00e1ban. Rem\u00e9lj\u00fck, hogy \u00faj weboldalunk elnyeri tetsz\u00e9s\u00e9t, tov\u00e1bbi kellemes b\u00f6ng\u00e9sz\u00e9t k\u00edv\u00e1nunk! Tisztelettel, A JADE&#8230;<\/p>\n","protected":false},"author":123,"featured_media":0,"parent":0,"menu_order":0,"comment_status":"closed","ping_status":"closed","template":"","meta":{"footnotes":""},"class_list":["post-4","page","type-page","status-publish","hentry"],"yoast_head":"<!-- This site is optimized with the Yoast SEO plugin v27.5 - https:\/\/yoast.com\/product\/yoast-seo-wordpress\/ -->\n<title>Kezd\u0151lap - JADE Tan\u00e1csad\u00f3 \u00e9s Szolg\u00e1ltat\u00f3 Kft. hivatalos weboldala<\/title>\n<meta name=\"robots\" content=\"index, follow, max-snippet:-1, max-image-preview:large, max-video-preview:-1\" \/>\n<link rel=\"canonical\" href=\"https:\/\/www.jadeconsulting.eu\/\" \/>\n<meta property=\"og:locale\" content=\"hu_HU\" \/>\n<meta property=\"og:type\" content=\"article\" \/>\n<meta property=\"og:title\" content=\"Kezd\u0151lap - JADE Tan\u00e1csad\u00f3 \u00e9s Szolg\u00e1ltat\u00f3 Kft. hivatalos weboldala\" \/>\n<meta property=\"og:description\" content=\"\u00dcdv\u00f6z\u00f6lj\u00fck meg\u00fajult weboldalunkon! K\u00e9rj\u00fck, hogy \u00e9rdekl\u0151d\u00e9s\u00e9nek megfelel\u0151en els\u0151 l\u00e9p\u00e9sk\u00e9nt v\u00e1lassza ki c\u00e9g\u00fcnk mely szolg\u00e1ltat\u00e1sa, ter\u00fclete kapcs\u00e1n \u00e9rdekl\u0151dik \u00e9s szeretne tov\u00e1bbi inform\u00e1ci\u00f3hoz jutni. Amennyiben visszah\u00edv\u00e1st szeretne, azt egyszer\u0171en ig\u00e9nyelheti a Kapcsolat \u0171rlapon kereszt\u00fcl, koll\u00e9g\u00e1ink 24 \u00f3r\u00e1n bel\u00fcl jelentkeznek \u00d6nn\u00e9l telefonon \u00e9s\/vagy e-mail form\u00e1j\u00e1ban. Rem\u00e9lj\u00fck, hogy \u00faj weboldalunk elnyeri tetsz\u00e9s\u00e9t, tov\u00e1bbi kellemes b\u00f6ng\u00e9sz\u00e9t k\u00edv\u00e1nunk! Tisztelettel, A JADE...\" \/>\n<meta property=\"og:url\" content=\"https:\/\/www.jadeconsulting.eu\/\" \/>\n<meta property=\"og:site_name\" content=\"JADE Tan\u00e1csad\u00f3 \u00e9s Szolg\u00e1ltat\u00f3 Kft. hivatalos weboldala\" \/>\n<meta property=\"article:modified_time\" content=\"2019-03-16T14:27:03+00:00\" \/>\n<meta name=\"twitter:card\" content=\"summary_large_image\" \/>\n<meta name=\"twitter:label1\" content=\"Becs\u00fclt olvas\u00e1si id\u0151\" \/>\n\t<meta name=\"twitter:data1\" content=\"1 perc\" \/>\n<script type=\"application\/ld+json\" class=\"yoast-schema-graph\">{\"@context\":\"https:\\\/\\\/schema.org\",\"@graph\":[{\"@type\":\"WebPage\",\"@id\":\"https:\\\/\\\/www.jadeconsulting.eu\\\/\",\"url\":\"https:\\\/\\\/www.jadeconsulting.eu\\\/\",\"name\":\"Kezd\u0151lap - JADE Tan\u00e1csad\u00f3 \u00e9s Szolg\u00e1ltat\u00f3 Kft. hivatalos weboldala\",\"isPartOf\":{\"@id\":\"https:\\\/\\\/www.jadeconsulting.eu\\\/#website\"},\"datePublished\":\"2018-01-25T13:20:29+00:00\",\"dateModified\":\"2019-03-16T14:27:03+00:00\",\"breadcrumb\":{\"@id\":\"https:\\\/\\\/www.jadeconsulting.eu\\\/#breadcrumb\"},\"inLanguage\":\"hu\",\"potentialAction\":[{\"@type\":\"ReadAction\",\"target\":[\"https:\\\/\\\/www.jadeconsulting.eu\\\/\"]}]},{\"@type\":\"BreadcrumbList\",\"@id\":\"https:\\\/\\\/www.jadeconsulting.eu\\\/#breadcrumb\",\"itemListElement\":[{\"@type\":\"ListItem\",\"position\":1,\"name\":\"Home\",\"item\":\"https:\\\/\\\/www.jadeconsulting.eu\\\/\"},{\"@type\":\"ListItem\",\"position\":2,\"name\":\"Kezd\u0151lap\"}]},{\"@type\":\"WebSite\",\"@id\":\"https:\\\/\\\/www.jadeconsulting.eu\\\/#website\",\"url\":\"https:\\\/\\\/www.jadeconsulting.eu\\\/\",\"name\":\"JADE Tan\u00e1csad\u00f3 \u00e9s Szolg\u00e1ltat\u00f3 Kft. hivatalos weboldala\",\"description\":\"Informatika, fejleszt\u00e9s \u00e9s tan\u00e1csad\u00e1s - Microsoft Dynamics 365 Business Central \u00e9s Dynamics NAV ERP fejleszt\u00e9s \u00e9s konzult\u00e1ci\u00f3\",\"potentialAction\":[{\"@type\":\"SearchAction\",\"target\":{\"@type\":\"EntryPoint\",\"urlTemplate\":\"https:\\\/\\\/www.jadeconsulting.eu\\\/?s={search_term_string}\"},\"query-input\":{\"@type\":\"PropertyValueSpecification\",\"valueRequired\":true,\"valueName\":\"search_term_string\"}}],\"inLanguage\":\"hu\"}]}<\/script>\n<!-- \/ Yoast SEO plugin. -->","yoast_head_json":{"title":"Kezd\u0151lap - JADE Tan\u00e1csad\u00f3 \u00e9s Szolg\u00e1ltat\u00f3 Kft. hivatalos weboldala","robots":{"index":"index","follow":"follow","max-snippet":"max-snippet:-1","max-image-preview":"max-image-preview:large","max-video-preview":"max-video-preview:-1"},"canonical":"https:\/\/www.jadeconsulting.eu\/","og_locale":"hu_HU","og_type":"article","og_title":"Kezd\u0151lap - JADE Tan\u00e1csad\u00f3 \u00e9s Szolg\u00e1ltat\u00f3 Kft. hivatalos weboldala","og_description":"\u00dcdv\u00f6z\u00f6lj\u00fck meg\u00fajult weboldalunkon! K\u00e9rj\u00fck, hogy \u00e9rdekl\u0151d\u00e9s\u00e9nek megfelel\u0151en els\u0151 l\u00e9p\u00e9sk\u00e9nt v\u00e1lassza ki c\u00e9g\u00fcnk mely szolg\u00e1ltat\u00e1sa, ter\u00fclete kapcs\u00e1n \u00e9rdekl\u0151dik \u00e9s szeretne tov\u00e1bbi inform\u00e1ci\u00f3hoz jutni. Amennyiben visszah\u00edv\u00e1st szeretne, azt egyszer\u0171en ig\u00e9nyelheti a Kapcsolat \u0171rlapon kereszt\u00fcl, koll\u00e9g\u00e1ink 24 \u00f3r\u00e1n bel\u00fcl jelentkeznek \u00d6nn\u00e9l telefonon \u00e9s\/vagy e-mail form\u00e1j\u00e1ban. Rem\u00e9lj\u00fck, hogy \u00faj weboldalunk elnyeri tetsz\u00e9s\u00e9t, tov\u00e1bbi kellemes b\u00f6ng\u00e9sz\u00e9t k\u00edv\u00e1nunk! Tisztelettel, A JADE...","og_url":"https:\/\/www.jadeconsulting.eu\/","og_site_name":"JADE Tan\u00e1csad\u00f3 \u00e9s Szolg\u00e1ltat\u00f3 Kft. hivatalos weboldala","article_modified_time":"2019-03-16T14:27:03+00:00","twitter_card":"summary_large_image","twitter_misc":{"Becs\u00fclt olvas\u00e1si id\u0151":"1 perc"},"schema":{"@context":"https:\/\/schema.org","@graph":[{"@type":"WebPage","@id":"https:\/\/www.jadeconsulting.eu\/","url":"https:\/\/www.jadeconsulting.eu\/","name":"Kezd\u0151lap - JADE Tan\u00e1csad\u00f3 \u00e9s Szolg\u00e1ltat\u00f3 Kft. hivatalos weboldala","isPartOf":{"@id":"https:\/\/www.jadeconsulting.eu\/#website"},"datePublished":"2018-01-25T13:20:29+00:00","dateModified":"2019-03-16T14:27:03+00:00","breadcrumb":{"@id":"https:\/\/www.jadeconsulting.eu\/#breadcrumb"},"inLanguage":"hu","potentialAction":[{"@type":"ReadAction","target":["https:\/\/www.jadeconsulting.eu\/"]}]},{"@type":"BreadcrumbList","@id":"https:\/\/www.jadeconsulting.eu\/#breadcrumb","itemListElement":[{"@type":"ListItem","position":1,"name":"Home","item":"https:\/\/www.jadeconsulting.eu\/"},{"@type":"ListItem","position":2,"name":"Kezd\u0151lap"}]},{"@type":"WebSite","@id":"https:\/\/www.jadeconsulting.eu\/#website","url":"https:\/\/www.jadeconsulting.eu\/","name":"JADE Tan\u00e1csad\u00f3 \u00e9s Szolg\u00e1ltat\u00f3 Kft. hivatalos weboldala","description":"Informatika, fejleszt\u00e9s \u00e9s tan\u00e1csad\u00e1s - Microsoft Dynamics 365 Business Central \u00e9s Dynamics NAV ERP fejleszt\u00e9s \u00e9s konzult\u00e1ci\u00f3","potentialAction":[{"@type":"SearchAction","target":{"@type":"EntryPoint","urlTemplate":"https:\/\/www.jadeconsulting.eu\/?s={search_term_string}"},"query-input":{"@type":"PropertyValueSpecification","valueRequired":true,"valueName":"search_term_string"}}],"inLanguage":"hu"}]}},"jetpack_sharing_enabled":true,"jetpack-related-posts":[{"id":1452,"url":"https:\/\/www.jadeconsulting.eu\/index.php\/wordpress-woocommerce\/","url_meta":{"origin":4,"position":0},"title":"WordPress &amp; WooCommerce","author":"Zolt\u00e1n Czilj\u00e1k","date":"2025-07-21","format":false,"excerpt":"Egy j\u00f3 weboldal vagy webshop nem att\u00f3l lesz j\u00f3, hogy bonyolult \u2013 hanem att\u00f3l, hogy egyszer\u0171en j\u00f3l m\u0171k\u00f6dik. Nem minden v\u00e1llalkoz\u00e1snak van sz\u00fcks\u00e9ge egyedi fejleszt\u00e9s\u0171 szoftverre \u2013 \u00e9s ez \u00edgy van rendj\u00e9n. Sok esetben a legjobb megold\u00e1s az, amit gyorsan, k\u00f6lts\u00e9ghat\u00e9konyan, m\u00e9gis megb\u00edzhat\u00f3 alapokon lehet elind\u00edtani. A WordPress \u00e9s a\u2026","rel":"","context":"Similar post","block_context":{"text":"Similar post","link":""},"img":{"alt_text":"","src":"https:\/\/i0.wp.com\/www.jadeconsulting.eu\/wp-content\/uploads\/2025\/07\/woo.png?resize=350%2C200&ssl=1","width":350,"height":200,"srcset":"https:\/\/i0.wp.com\/www.jadeconsulting.eu\/wp-content\/uploads\/2025\/07\/woo.png?resize=350%2C200&ssl=1 1x, https:\/\/i0.wp.com\/www.jadeconsulting.eu\/wp-content\/uploads\/2025\/07\/woo.png?resize=525%2C300&ssl=1 1.5x, https:\/\/i0.wp.com\/www.jadeconsulting.eu\/wp-content\/uploads\/2025\/07\/woo.png?resize=700%2C400&ssl=1 2x"},"classes":[]},{"id":1445,"url":"https:\/\/www.jadeconsulting.eu\/index.php\/webfejlesztes\/","url_meta":{"origin":4,"position":1},"title":"Webfejleszt\u00e9s","author":"Zolt\u00e1n Czilj\u00e1k","date":"2025-07-21","format":false,"excerpt":"Egy weboldal ma m\u00e1r nem csak jelenl\u00e9t \u2013 m\u0171k\u00f6dnie is kell\u2026 Egy modern v\u00e1llalat sz\u00e1m\u00e1ra a webes jelenl\u00e9t t\u00f6bb mint n\u00e9vjegy az interneten.Legyen sz\u00f3 adminfel\u00fcletr\u0151l, \u00fcgyf\u00e9lport\u00e1lr\u00f3l, statisztikai dashboardr\u00f3l, vagy ak\u00e1r k\u00fcls\u0151 rendszerekhez kapcsol\u00f3d\u00f3 alkalmaz\u00e1sokr\u00f3l, a k\u00f6z\u00f6s nevez\u0151 mindig ugyanaz: \ud83d\udd39 Gyorsas\u00e1g.\ud83d\udd39 Reszponzivit\u00e1s.\ud83d\udd39 Biztons\u00e1g.\ud83d\udd39 \u00c1tl\u00e1that\u00f3, felhaszn\u00e1l\u00f3bar\u00e1t m\u0171k\u00f6d\u00e9s. A c\u00e9ges webes megold\u00e1soknak\u2026","rel":"","context":"Similar post","block_context":{"text":"Similar post","link":""},"img":{"alt_text":"","src":"https:\/\/i0.wp.com\/www.jadeconsulting.eu\/wp-content\/uploads\/2025\/07\/webf-pikkto-2.png?resize=350%2C200&ssl=1","width":350,"height":200,"srcset":"https:\/\/i0.wp.com\/www.jadeconsulting.eu\/wp-content\/uploads\/2025\/07\/webf-pikkto-2.png?resize=350%2C200&ssl=1 1x, https:\/\/i0.wp.com\/www.jadeconsulting.eu\/wp-content\/uploads\/2025\/07\/webf-pikkto-2.png?resize=525%2C300&ssl=1 1.5x, https:\/\/i0.wp.com\/www.jadeconsulting.eu\/wp-content\/uploads\/2025\/07\/webf-pikkto-2.png?resize=700%2C400&ssl=1 2x"},"classes":[]},{"id":1576,"url":"https:\/\/www.jadeconsulting.eu\/index.php\/it-biztosnag-it-biztonsagi-tanacsadas-erthetoen-gyakorlatiasan\/","url_meta":{"origin":4,"position":2},"title":"IT Biztons\u00e1gi Tan\u00e1csad\u00e1s \u2013 \u00e9rthet\u0151en, gyakorlatiasan","author":"Zolt\u00e1n Czilj\u00e1k","date":"2025-07-24","format":false,"excerpt":"A digit\u00e1lis rendszerek addig m\u0171k\u00f6dnek j\u00f3l, am\u00edg biztons\u00e1gban vannak. Mi seg\u00edt\u00fcnk abban, hogy ez \u00edgy is maradjon \u2013 m\u00e9g akkor is, ha nincs h\u00e1zon bel\u00fcl IT-biztons\u00e1gi felel\u0151s\u00f6d. Egyre t\u00f6bb c\u00e9g ker\u00fcl olyan helyzetbe, amikor hirtelen kellene komolyan foglalkozni az IT biztons\u00e1ggal \u2013 csak \u00e9pp nincs r\u00e1 id\u0151, ember, vagy tud\u00e1s.R\u00e1ad\u00e1sul\u2026","rel":"","context":"Similar post","block_context":{"text":"Similar post","link":""},"img":{"alt_text":"","src":"https:\/\/i0.wp.com\/www.jadeconsulting.eu\/wp-content\/uploads\/2025\/07\/secu-tegla.png?resize=350%2C200&ssl=1","width":350,"height":200,"srcset":"https:\/\/i0.wp.com\/www.jadeconsulting.eu\/wp-content\/uploads\/2025\/07\/secu-tegla.png?resize=350%2C200&ssl=1 1x, https:\/\/i0.wp.com\/www.jadeconsulting.eu\/wp-content\/uploads\/2025\/07\/secu-tegla.png?resize=525%2C300&ssl=1 1.5x, https:\/\/i0.wp.com\/www.jadeconsulting.eu\/wp-content\/uploads\/2025\/07\/secu-tegla.png?resize=700%2C400&ssl=1 2x"},"classes":[]},{"id":1917,"url":"https:\/\/www.jadeconsulting.eu\/index.php\/adatvedelmi-nyilatkozat\/","url_meta":{"origin":4,"position":3},"title":"Adatv\u00e9delmi Nyilatkozat","author":"admin","date":"2025-11-21","format":false,"excerpt":"Kik vagyunk A weboldalaink c\u00edme: https:\/\/www.jadeconsulting.eu ; https:\/\/babadepo.eu ; https:\/\/www.myberill.com. Melyek azok a szem\u00e9lyes adatok, amiket gy\u0171jt\u00fcnk \u00e9s milyen c\u00e9llal gy\u0171jtj\u00fck ezeket Hozz\u00e1sz\u00f3l\u00e1sok Hozz\u00e1sz\u00f3l\u00e1s bek\u00fcld\u00e9sekor a hozz\u00e1sz\u00f3l\u00e1si \u0171rlapban megadottakon k\u00edv\u00fcl begy\u0171jt\u00e9sre ker\u00fcl a hozz\u00e1sz\u00f3l\u00f3 IP c\u00edme \u00e9s a b\u00f6ng\u00e9sz\u0151azonos\u00edt\u00f3 karakterl\u00e1nc a k\u00e9retlen tartalmak kisz\u0171r\u00e9se c\u00e9lj\u00e1b\u00f3l. Egy szem\u00e9lytelen\u00edtett, az e-mail c\u00edmb\u0151l\u2026","rel":"","context":"Similar post","block_context":{"text":"Similar post","link":""},"img":{"alt_text":"","src":"","width":0,"height":0},"classes":[]},{"id":1454,"url":"https:\/\/www.jadeconsulting.eu\/index.php\/it-tanacsadas-uzleti-elemzes\/","url_meta":{"origin":4,"position":4},"title":"IT Tan\u00e1csad\u00e1s &amp; \u00dczleti Elemz\u00e9s","author":"Zolt\u00e1n Czilj\u00e1k","date":"2025-07-21","format":false,"excerpt":"Az \u00fczleti d\u00f6nt\u00e9sek akkor m\u0171k\u00f6dnek j\u00f3l, ha m\u00f6g\u00f6tt\u00fck val\u00f3di adatok \u00e9s j\u00f3l fel\u00e9p\u00edtett rendszerek \u00e1llnak. Egy szoftver \u00f6nmag\u00e1ban nem old meg probl\u00e9m\u00e1t \u2013 de ha j\u00f3l illeszkedik a c\u00e9g m\u0171k\u00f6d\u00e9s\u00e9hez, akkor k\u00e9pes leegyszer\u0171s\u00edteni, automatiz\u00e1lni, hat\u00e9konyabb\u00e1 tenni a napi folyamatokat. Ez pedig nemcsak k\u00e9nyelmi szempont, hanem val\u00f3di versenyel\u0151ny. Mi abban seg\u00edt\u00fcnk,\u2026","rel":"","context":"Similar post","block_context":{"text":"Similar post","link":""},"img":{"alt_text":"","src":"https:\/\/i0.wp.com\/www.jadeconsulting.eu\/wp-content\/uploads\/2025\/07\/dia-pikto.png?resize=350%2C200&ssl=1","width":350,"height":200,"srcset":"https:\/\/i0.wp.com\/www.jadeconsulting.eu\/wp-content\/uploads\/2025\/07\/dia-pikto.png?resize=350%2C200&ssl=1 1x, https:\/\/i0.wp.com\/www.jadeconsulting.eu\/wp-content\/uploads\/2025\/07\/dia-pikto.png?resize=525%2C300&ssl=1 1.5x, https:\/\/i0.wp.com\/www.jadeconsulting.eu\/wp-content\/uploads\/2025\/07\/dia-pikto.png?resize=700%2C400&ssl=1 2x"},"classes":[]},{"id":1456,"url":"https:\/\/www.jadeconsulting.eu\/index.php\/atlassian-jira\/","url_meta":{"origin":4,"position":5},"title":"Atlassian Jira","author":"Zolt\u00e1n Czilj\u00e1k","date":"2025-07-21","format":false,"excerpt":"A Jira nemcsak egy feladatkezel\u0151 \u2013 hanem egy rendszer, ami rendet tesz a k\u00e1oszban. Sok c\u00e9g pontosan \u00e9rzi, hogy valami nincs rendben a napi m\u0171k\u00f6d\u00e9sben.Feladatok elt\u0171nnek, j\u00f3v\u00e1hagy\u00e1sok elakadnak, hat\u00e1rid\u0151k kics\u00fasznak \u2013 \u00e9s senki nem tudja pontosan, hol van a hiba a rendszerben. Ez nem a munkat\u00e1rsak hib\u00e1ja. Egyszer\u0171en a m\u0171k\u00f6d\u00e9s\u2026","rel":"","context":"Similar post","block_context":{"text":"Similar post","link":""},"img":{"alt_text":"","src":"https:\/\/i0.wp.com\/www.jadeconsulting.eu\/wp-content\/uploads\/2025\/07\/jira.png?resize=350%2C200&ssl=1","width":350,"height":200,"srcset":"https:\/\/i0.wp.com\/www.jadeconsulting.eu\/wp-content\/uploads\/2025\/07\/jira.png?resize=350%2C200&ssl=1 1x, https:\/\/i0.wp.com\/www.jadeconsulting.eu\/wp-content\/uploads\/2025\/07\/jira.png?resize=525%2C300&ssl=1 1.5x, https:\/\/i0.wp.com\/www.jadeconsulting.eu\/wp-content\/uploads\/2025\/07\/jira.png?resize=700%2C400&ssl=1 2x"},"classes":[]}],"_links":{"self":[{"href":"https:\/\/www.jadeconsulting.eu\/index.php\/wp-json\/wp\/v2\/pages\/4","targetHints":{"allow":["GET"]}}],"collection":[{"href":"https:\/\/www.jadeconsulting.eu\/index.php\/wp-json\/wp\/v2\/pages"}],"about":[{"href":"https:\/\/www.jadeconsulting.eu\/index.php\/wp-json\/wp\/v2\/types\/page"}],"author":[{"embeddable":true,"href":"https:\/\/www.jadeconsulting.eu\/index.php\/wp-json\/wp\/v2\/users\/123"}],"replies":[{"embeddable":true,"href":"https:\/\/www.jadeconsulting.eu\/index.php\/wp-json\/wp\/v2\/comments?post=4"}],"version-history":[{"count":1,"href":"https:\/\/www.jadeconsulting.eu\/index.php\/wp-json\/wp\/v2\/pages\/4\/revisions"}],"predecessor-version":[{"id":1942,"href":"https:\/\/www.jadeconsulting.eu\/index.php\/wp-json\/wp\/v2\/pages\/4\/revisions\/1942"}],"wp:attachment":[{"href":"https:\/\/www.jadeconsulting.eu\/index.php\/wp-json\/wp\/v2\/media?parent=4"}],"curies":[{"name":"wp","href":"https:\/\/api.w.org\/{rel}","templated":true}]}}