{"id":119,"date":"2020-08-12T12:04:31","date_gmt":"2020-08-12T10:04:31","guid":{"rendered":"https:\/\/www.jadeconsulting.eu\/index.php\/erp-subscription\/"},"modified":"2020-08-12T12:04:31","modified_gmt":"2020-08-12T10:04:31","slug":"erp-subscription","status":"publish","type":"page","link":"https:\/\/www.jadeconsulting.eu\/index.php\/erp-subscription\/","title":{"rendered":"ERP Subscription"},"content":{"rendered":"","protected":false},"excerpt":{"rendered":"","protected":false},"author":123,"featured_media":0,"parent":0,"menu_order":0,"comment_status":"closed","ping_status":"closed","template":"","meta":{"footnotes":""},"class_list":["post-119","page","type-page","status-publish","hentry"],"yoast_head":"<!-- This site is optimized with the Yoast SEO plugin v27.4 - https:\/\/yoast.com\/product\/yoast-seo-wordpress\/ -->\n<title>ERP Subscription - JADE Tan\u00e1csad\u00f3 \u00e9s Szolg\u00e1ltat\u00f3 Kft. hivatalos weboldala<\/title>\n<meta name=\"robots\" content=\"index, follow, max-snippet:-1, max-image-preview:large, max-video-preview:-1\" \/>\n<link rel=\"canonical\" href=\"https:\/\/www.jadeconsulting.eu\/index.php\/erp-subscription\/\" \/>\n<meta property=\"og:locale\" content=\"hu_HU\" \/>\n<meta property=\"og:type\" content=\"article\" \/>\n<meta property=\"og:title\" content=\"ERP Subscription - JADE Tan\u00e1csad\u00f3 \u00e9s Szolg\u00e1ltat\u00f3 Kft. hivatalos weboldala\" \/>\n<meta property=\"og:url\" content=\"https:\/\/www.jadeconsulting.eu\/index.php\/erp-subscription\/\" \/>\n<meta property=\"og:site_name\" content=\"JADE Tan\u00e1csad\u00f3 \u00e9s Szolg\u00e1ltat\u00f3 Kft. hivatalos weboldala\" \/>\n<meta name=\"twitter:card\" content=\"summary_large_image\" \/>\n<script type=\"application\/ld+json\" class=\"yoast-schema-graph\">{\"@context\":\"https:\\\/\\\/schema.org\",\"@graph\":[{\"@type\":\"WebPage\",\"@id\":\"https:\\\/\\\/www.jadeconsulting.eu\\\/index.php\\\/erp-subscription\\\/\",\"url\":\"https:\\\/\\\/www.jadeconsulting.eu\\\/index.php\\\/erp-subscription\\\/\",\"name\":\"ERP Subscription - JADE Tan\u00e1csad\u00f3 \u00e9s Szolg\u00e1ltat\u00f3 Kft. hivatalos weboldala\",\"isPartOf\":{\"@id\":\"https:\\\/\\\/www.jadeconsulting.eu\\\/#website\"},\"datePublished\":\"2020-08-12T10:04:31+00:00\",\"breadcrumb\":{\"@id\":\"https:\\\/\\\/www.jadeconsulting.eu\\\/index.php\\\/erp-subscription\\\/#breadcrumb\"},\"inLanguage\":\"hu\",\"potentialAction\":[{\"@type\":\"ReadAction\",\"target\":[\"https:\\\/\\\/www.jadeconsulting.eu\\\/index.php\\\/erp-subscription\\\/\"]}]},{\"@type\":\"BreadcrumbList\",\"@id\":\"https:\\\/\\\/www.jadeconsulting.eu\\\/index.php\\\/erp-subscription\\\/#breadcrumb\",\"itemListElement\":[{\"@type\":\"ListItem\",\"position\":1,\"name\":\"Home\",\"item\":\"https:\\\/\\\/www.jadeconsulting.eu\\\/\"},{\"@type\":\"ListItem\",\"position\":2,\"name\":\"ERP Subscription\"}]},{\"@type\":\"WebSite\",\"@id\":\"https:\\\/\\\/www.jadeconsulting.eu\\\/#website\",\"url\":\"https:\\\/\\\/www.jadeconsulting.eu\\\/\",\"name\":\"JADE Tan\u00e1csad\u00f3 \u00e9s Szolg\u00e1ltat\u00f3 Kft. hivatalos weboldala\",\"description\":\"Informatika, fejleszt\u00e9s \u00e9s tan\u00e1csad\u00e1s - Microsoft Dynamics 365 Business Central \u00e9s Dynamics NAV ERP fejleszt\u00e9s \u00e9s konzult\u00e1ci\u00f3\",\"potentialAction\":[{\"@type\":\"SearchAction\",\"target\":{\"@type\":\"EntryPoint\",\"urlTemplate\":\"https:\\\/\\\/www.jadeconsulting.eu\\\/?s={search_term_string}\"},\"query-input\":{\"@type\":\"PropertyValueSpecification\",\"valueRequired\":true,\"valueName\":\"search_term_string\"}}],\"inLanguage\":\"hu\"}]}<\/script>\n<!-- \/ Yoast SEO plugin. -->","yoast_head_json":{"title":"ERP Subscription - JADE Tan\u00e1csad\u00f3 \u00e9s Szolg\u00e1ltat\u00f3 Kft. hivatalos weboldala","robots":{"index":"index","follow":"follow","max-snippet":"max-snippet:-1","max-image-preview":"max-image-preview:large","max-video-preview":"max-video-preview:-1"},"canonical":"https:\/\/www.jadeconsulting.eu\/index.php\/erp-subscription\/","og_locale":"hu_HU","og_type":"article","og_title":"ERP Subscription - JADE Tan\u00e1csad\u00f3 \u00e9s Szolg\u00e1ltat\u00f3 Kft. hivatalos weboldala","og_url":"https:\/\/www.jadeconsulting.eu\/index.php\/erp-subscription\/","og_site_name":"JADE Tan\u00e1csad\u00f3 \u00e9s Szolg\u00e1ltat\u00f3 Kft. hivatalos weboldala","twitter_card":"summary_large_image","schema":{"@context":"https:\/\/schema.org","@graph":[{"@type":"WebPage","@id":"https:\/\/www.jadeconsulting.eu\/index.php\/erp-subscription\/","url":"https:\/\/www.jadeconsulting.eu\/index.php\/erp-subscription\/","name":"ERP Subscription - JADE Tan\u00e1csad\u00f3 \u00e9s Szolg\u00e1ltat\u00f3 Kft. hivatalos weboldala","isPartOf":{"@id":"https:\/\/www.jadeconsulting.eu\/#website"},"datePublished":"2020-08-12T10:04:31+00:00","breadcrumb":{"@id":"https:\/\/www.jadeconsulting.eu\/index.php\/erp-subscription\/#breadcrumb"},"inLanguage":"hu","potentialAction":[{"@type":"ReadAction","target":["https:\/\/www.jadeconsulting.eu\/index.php\/erp-subscription\/"]}]},{"@type":"BreadcrumbList","@id":"https:\/\/www.jadeconsulting.eu\/index.php\/erp-subscription\/#breadcrumb","itemListElement":[{"@type":"ListItem","position":1,"name":"Home","item":"https:\/\/www.jadeconsulting.eu\/"},{"@type":"ListItem","position":2,"name":"ERP Subscription"}]},{"@type":"WebSite","@id":"https:\/\/www.jadeconsulting.eu\/#website","url":"https:\/\/www.jadeconsulting.eu\/","name":"JADE Tan\u00e1csad\u00f3 \u00e9s Szolg\u00e1ltat\u00f3 Kft. hivatalos weboldala","description":"Informatika, fejleszt\u00e9s \u00e9s tan\u00e1csad\u00e1s - Microsoft Dynamics 365 Business Central \u00e9s Dynamics NAV ERP fejleszt\u00e9s \u00e9s konzult\u00e1ci\u00f3","potentialAction":[{"@type":"SearchAction","target":{"@type":"EntryPoint","urlTemplate":"https:\/\/www.jadeconsulting.eu\/?s={search_term_string}"},"query-input":{"@type":"PropertyValueSpecification","valueRequired":true,"valueName":"search_term_string"}}],"inLanguage":"hu"}]}},"jetpack_sharing_enabled":true,"jetpack-related-posts":[{"id":1437,"url":"https:\/\/www.jadeconsulting.eu\/index.php\/business-central-teljes-koru-megoldasok\/","url_meta":{"origin":119,"position":0},"title":"Microsoft Dynamics Business Central","author":"Zolt\u00e1n Czilj\u00e1k","date":"2025-07-21","format":false,"excerpt":"Amikor a folyamataid t\u00faln\u00f6vik az Excel-t\u00e1bl\u00e1kat, ideje egy val\u00f3di ERP-re v\u00e1ltani. Ahogy egy v\u00e1llalkoz\u00e1s n\u00f6vekszik, el\u0151bb-ut\u00f3bb el\u00e9rkezik az a pont, amikor az Excel-t\u00e1bl\u00e1k, k\u00fcl\u00f6n\u00e1ll\u00f3 rendszerek \u00e9s j\u00f3l megszokott workaroundok m\u00e1r nem el\u00e9gs\u00e9gesek. Az \u00fczleti folyamatok t\u00faln\u00f6vik az eszk\u00f6zt\u00e1rat \u2013 \u00e9s ilyenkor j\u00f6n k\u00e9pbe egy val\u00f3di ERP. A Microsoft Dynamics 365\u2026","rel":"","context":"Similar post","block_context":{"text":"Similar post","link":""},"img":{"alt_text":"","src":"https:\/\/i0.wp.com\/www.jadeconsulting.eu\/wp-content\/uploads\/2025\/07\/BC-ai-illusztracio.png?resize=350%2C200&ssl=1","width":350,"height":200,"srcset":"https:\/\/i0.wp.com\/www.jadeconsulting.eu\/wp-content\/uploads\/2025\/07\/BC-ai-illusztracio.png?resize=350%2C200&ssl=1 1x, https:\/\/i0.wp.com\/www.jadeconsulting.eu\/wp-content\/uploads\/2025\/07\/BC-ai-illusztracio.png?resize=525%2C300&ssl=1 1.5x, https:\/\/i0.wp.com\/www.jadeconsulting.eu\/wp-content\/uploads\/2025\/07\/BC-ai-illusztracio.png?resize=700%2C400&ssl=1 2x"},"classes":[]},{"id":1445,"url":"https:\/\/www.jadeconsulting.eu\/index.php\/webfejlesztes\/","url_meta":{"origin":119,"position":1},"title":"Webfejleszt\u00e9s","author":"Zolt\u00e1n Czilj\u00e1k","date":"2025-07-21","format":false,"excerpt":"Egy weboldal ma m\u00e1r nem csak jelenl\u00e9t \u2013 m\u0171k\u00f6dnie is kell\u2026 Egy modern v\u00e1llalat sz\u00e1m\u00e1ra a webes jelenl\u00e9t t\u00f6bb mint n\u00e9vjegy az interneten.Legyen sz\u00f3 adminfel\u00fcletr\u0151l, \u00fcgyf\u00e9lport\u00e1lr\u00f3l, statisztikai dashboardr\u00f3l, vagy ak\u00e1r k\u00fcls\u0151 rendszerekhez kapcsol\u00f3d\u00f3 alkalmaz\u00e1sokr\u00f3l, a k\u00f6z\u00f6s nevez\u0151 mindig ugyanaz: \ud83d\udd39 Gyorsas\u00e1g.\ud83d\udd39 Reszponzivit\u00e1s.\ud83d\udd39 Biztons\u00e1g.\ud83d\udd39 \u00c1tl\u00e1that\u00f3, felhaszn\u00e1l\u00f3bar\u00e1t m\u0171k\u00f6d\u00e9s. A c\u00e9ges webes megold\u00e1soknak\u2026","rel":"","context":"Similar post","block_context":{"text":"Similar post","link":""},"img":{"alt_text":"","src":"https:\/\/i0.wp.com\/www.jadeconsulting.eu\/wp-content\/uploads\/2025\/07\/webf-pikkto-2.png?resize=350%2C200&ssl=1","width":350,"height":200,"srcset":"https:\/\/i0.wp.com\/www.jadeconsulting.eu\/wp-content\/uploads\/2025\/07\/webf-pikkto-2.png?resize=350%2C200&ssl=1 1x, https:\/\/i0.wp.com\/www.jadeconsulting.eu\/wp-content\/uploads\/2025\/07\/webf-pikkto-2.png?resize=525%2C300&ssl=1 1.5x, https:\/\/i0.wp.com\/www.jadeconsulting.eu\/wp-content\/uploads\/2025\/07\/webf-pikkto-2.png?resize=700%2C400&ssl=1 2x"},"classes":[]},{"id":1454,"url":"https:\/\/www.jadeconsulting.eu\/index.php\/it-tanacsadas-uzleti-elemzes\/","url_meta":{"origin":119,"position":2},"title":"IT Tan\u00e1csad\u00e1s &amp; \u00dczleti Elemz\u00e9s","author":"Zolt\u00e1n Czilj\u00e1k","date":"2025-07-21","format":false,"excerpt":"Az \u00fczleti d\u00f6nt\u00e9sek akkor m\u0171k\u00f6dnek j\u00f3l, ha m\u00f6g\u00f6tt\u00fck val\u00f3di adatok \u00e9s j\u00f3l fel\u00e9p\u00edtett rendszerek \u00e1llnak. Egy szoftver \u00f6nmag\u00e1ban nem old meg probl\u00e9m\u00e1t \u2013 de ha j\u00f3l illeszkedik a c\u00e9g m\u0171k\u00f6d\u00e9s\u00e9hez, akkor k\u00e9pes leegyszer\u0171s\u00edteni, automatiz\u00e1lni, hat\u00e9konyabb\u00e1 tenni a napi folyamatokat. Ez pedig nemcsak k\u00e9nyelmi szempont, hanem val\u00f3di versenyel\u0151ny. Mi abban seg\u00edt\u00fcnk,\u2026","rel":"","context":"Similar post","block_context":{"text":"Similar post","link":""},"img":{"alt_text":"","src":"https:\/\/i0.wp.com\/www.jadeconsulting.eu\/wp-content\/uploads\/2025\/07\/dia-pikto.png?resize=350%2C200&ssl=1","width":350,"height":200,"srcset":"https:\/\/i0.wp.com\/www.jadeconsulting.eu\/wp-content\/uploads\/2025\/07\/dia-pikto.png?resize=350%2C200&ssl=1 1x, https:\/\/i0.wp.com\/www.jadeconsulting.eu\/wp-content\/uploads\/2025\/07\/dia-pikto.png?resize=525%2C300&ssl=1 1.5x, https:\/\/i0.wp.com\/www.jadeconsulting.eu\/wp-content\/uploads\/2025\/07\/dia-pikto.png?resize=700%2C400&ssl=1 2x"},"classes":[]},{"id":1576,"url":"https:\/\/www.jadeconsulting.eu\/index.php\/it-biztosnag-it-biztonsagi-tanacsadas-erthetoen-gyakorlatiasan\/","url_meta":{"origin":119,"position":3},"title":"IT Biztons\u00e1gi Tan\u00e1csad\u00e1s \u2013 \u00e9rthet\u0151en, gyakorlatiasan","author":"Zolt\u00e1n Czilj\u00e1k","date":"2025-07-24","format":false,"excerpt":"A digit\u00e1lis rendszerek addig m\u0171k\u00f6dnek j\u00f3l, am\u00edg biztons\u00e1gban vannak. Mi seg\u00edt\u00fcnk abban, hogy ez \u00edgy is maradjon \u2013 m\u00e9g akkor is, ha nincs h\u00e1zon bel\u00fcl IT-biztons\u00e1gi felel\u0151s\u00f6d. Egyre t\u00f6bb c\u00e9g ker\u00fcl olyan helyzetbe, amikor hirtelen kellene komolyan foglalkozni az IT biztons\u00e1ggal \u2013 csak \u00e9pp nincs r\u00e1 id\u0151, ember, vagy tud\u00e1s.R\u00e1ad\u00e1sul\u2026","rel":"","context":"Similar post","block_context":{"text":"Similar post","link":""},"img":{"alt_text":"","src":"https:\/\/i0.wp.com\/www.jadeconsulting.eu\/wp-content\/uploads\/2025\/07\/secu-tegla.png?resize=350%2C200&ssl=1","width":350,"height":200,"srcset":"https:\/\/i0.wp.com\/www.jadeconsulting.eu\/wp-content\/uploads\/2025\/07\/secu-tegla.png?resize=350%2C200&ssl=1 1x, https:\/\/i0.wp.com\/www.jadeconsulting.eu\/wp-content\/uploads\/2025\/07\/secu-tegla.png?resize=525%2C300&ssl=1 1.5x, https:\/\/i0.wp.com\/www.jadeconsulting.eu\/wp-content\/uploads\/2025\/07\/secu-tegla.png?resize=700%2C400&ssl=1 2x"},"classes":[]}],"_links":{"self":[{"href":"https:\/\/www.jadeconsulting.eu\/index.php\/wp-json\/wp\/v2\/pages\/119","targetHints":{"allow":["GET"]}}],"collection":[{"href":"https:\/\/www.jadeconsulting.eu\/index.php\/wp-json\/wp\/v2\/pages"}],"about":[{"href":"https:\/\/www.jadeconsulting.eu\/index.php\/wp-json\/wp\/v2\/types\/page"}],"author":[{"embeddable":true,"href":"https:\/\/www.jadeconsulting.eu\/index.php\/wp-json\/wp\/v2\/users\/123"}],"replies":[{"embeddable":true,"href":"https:\/\/www.jadeconsulting.eu\/index.php\/wp-json\/wp\/v2\/comments?post=119"}],"version-history":[{"count":0,"href":"https:\/\/www.jadeconsulting.eu\/index.php\/wp-json\/wp\/v2\/pages\/119\/revisions"}],"wp:attachment":[{"href":"https:\/\/www.jadeconsulting.eu\/index.php\/wp-json\/wp\/v2\/media?parent=119"}],"curies":[{"name":"wp","href":"https:\/\/api.w.org\/{rel}","templated":true}]}}