{"id":1045,"date":"2024-06-08T17:02:12","date_gmt":"2024-06-08T15:02:12","guid":{"rendered":"https:\/\/www.jadeconsulting.eu\/index.php\/lp-become-a-teacher\/"},"modified":"2024-06-08T17:02:12","modified_gmt":"2024-06-08T15:02:12","slug":"lp-become-a-teacher","status":"publish","type":"page","link":"https:\/\/www.jadeconsulting.eu\/index.php\/lp-become-a-teacher\/","title":{"rendered":"Become A Teacher"},"content":{"rendered":"","protected":false},"excerpt":{"rendered":"","protected":false},"author":123,"featured_media":0,"parent":0,"menu_order":0,"comment_status":"closed","ping_status":"closed","template":"","meta":{"footnotes":""},"class_list":["post-1045","page","type-page","status-publish","hentry"],"yoast_head":"<!-- This site is optimized with the Yoast SEO plugin v27.3 - https:\/\/yoast.com\/product\/yoast-seo-wordpress\/ -->\n<title>Become A Teacher - JADE Tan\u00e1csad\u00f3 \u00e9s Szolg\u00e1ltat\u00f3 Kft. hivatalos weboldala<\/title>\n<meta name=\"robots\" content=\"index, follow, max-snippet:-1, max-image-preview:large, max-video-preview:-1\" \/>\n<link rel=\"canonical\" href=\"https:\/\/www.jadeconsulting.eu\/index.php\/lp-become-a-teacher\/\" \/>\n<meta property=\"og:locale\" content=\"hu_HU\" \/>\n<meta property=\"og:type\" content=\"article\" \/>\n<meta property=\"og:title\" content=\"Become A Teacher - JADE Tan\u00e1csad\u00f3 \u00e9s Szolg\u00e1ltat\u00f3 Kft. hivatalos weboldala\" \/>\n<meta property=\"og:url\" content=\"https:\/\/www.jadeconsulting.eu\/index.php\/lp-become-a-teacher\/\" \/>\n<meta property=\"og:site_name\" content=\"JADE Tan\u00e1csad\u00f3 \u00e9s Szolg\u00e1ltat\u00f3 Kft. hivatalos weboldala\" \/>\n<meta name=\"twitter:card\" content=\"summary_large_image\" \/>\n<script type=\"application\/ld+json\" class=\"yoast-schema-graph\">{\"@context\":\"https:\\\/\\\/schema.org\",\"@graph\":[{\"@type\":\"WebPage\",\"@id\":\"https:\\\/\\\/www.jadeconsulting.eu\\\/index.php\\\/lp-become-a-teacher\\\/\",\"url\":\"https:\\\/\\\/www.jadeconsulting.eu\\\/index.php\\\/lp-become-a-teacher\\\/\",\"name\":\"Become A Teacher - JADE Tan\u00e1csad\u00f3 \u00e9s Szolg\u00e1ltat\u00f3 Kft. hivatalos weboldala\",\"isPartOf\":{\"@id\":\"https:\\\/\\\/www.jadeconsulting.eu\\\/#website\"},\"datePublished\":\"2024-06-08T15:02:12+00:00\",\"breadcrumb\":{\"@id\":\"https:\\\/\\\/www.jadeconsulting.eu\\\/index.php\\\/lp-become-a-teacher\\\/#breadcrumb\"},\"inLanguage\":\"hu\",\"potentialAction\":[{\"@type\":\"ReadAction\",\"target\":[\"https:\\\/\\\/www.jadeconsulting.eu\\\/index.php\\\/lp-become-a-teacher\\\/\"]}]},{\"@type\":\"BreadcrumbList\",\"@id\":\"https:\\\/\\\/www.jadeconsulting.eu\\\/index.php\\\/lp-become-a-teacher\\\/#breadcrumb\",\"itemListElement\":[{\"@type\":\"ListItem\",\"position\":1,\"name\":\"Home\",\"item\":\"https:\\\/\\\/www.jadeconsulting.eu\\\/\"},{\"@type\":\"ListItem\",\"position\":2,\"name\":\"Become A Teacher\"}]},{\"@type\":\"WebSite\",\"@id\":\"https:\\\/\\\/www.jadeconsulting.eu\\\/#website\",\"url\":\"https:\\\/\\\/www.jadeconsulting.eu\\\/\",\"name\":\"JADE Tan\u00e1csad\u00f3 \u00e9s Szolg\u00e1ltat\u00f3 Kft. hivatalos weboldala\",\"description\":\"Informatika, fejleszt\u00e9s \u00e9s tan\u00e1csad\u00e1s - Microsoft Dynamics 365 Business Central \u00e9s Dynamics NAV ERP fejleszt\u00e9s \u00e9s konzult\u00e1ci\u00f3\",\"potentialAction\":[{\"@type\":\"SearchAction\",\"target\":{\"@type\":\"EntryPoint\",\"urlTemplate\":\"https:\\\/\\\/www.jadeconsulting.eu\\\/?s={search_term_string}\"},\"query-input\":{\"@type\":\"PropertyValueSpecification\",\"valueRequired\":true,\"valueName\":\"search_term_string\"}}],\"inLanguage\":\"hu\"}]}<\/script>\n<!-- \/ Yoast SEO plugin. -->","yoast_head_json":{"title":"Become A Teacher - JADE Tan\u00e1csad\u00f3 \u00e9s Szolg\u00e1ltat\u00f3 Kft. hivatalos weboldala","robots":{"index":"index","follow":"follow","max-snippet":"max-snippet:-1","max-image-preview":"max-image-preview:large","max-video-preview":"max-video-preview:-1"},"canonical":"https:\/\/www.jadeconsulting.eu\/index.php\/lp-become-a-teacher\/","og_locale":"hu_HU","og_type":"article","og_title":"Become A Teacher - JADE Tan\u00e1csad\u00f3 \u00e9s Szolg\u00e1ltat\u00f3 Kft. hivatalos weboldala","og_url":"https:\/\/www.jadeconsulting.eu\/index.php\/lp-become-a-teacher\/","og_site_name":"JADE Tan\u00e1csad\u00f3 \u00e9s Szolg\u00e1ltat\u00f3 Kft. hivatalos weboldala","twitter_card":"summary_large_image","schema":{"@context":"https:\/\/schema.org","@graph":[{"@type":"WebPage","@id":"https:\/\/www.jadeconsulting.eu\/index.php\/lp-become-a-teacher\/","url":"https:\/\/www.jadeconsulting.eu\/index.php\/lp-become-a-teacher\/","name":"Become A Teacher - JADE Tan\u00e1csad\u00f3 \u00e9s Szolg\u00e1ltat\u00f3 Kft. hivatalos weboldala","isPartOf":{"@id":"https:\/\/www.jadeconsulting.eu\/#website"},"datePublished":"2024-06-08T15:02:12+00:00","breadcrumb":{"@id":"https:\/\/www.jadeconsulting.eu\/index.php\/lp-become-a-teacher\/#breadcrumb"},"inLanguage":"hu","potentialAction":[{"@type":"ReadAction","target":["https:\/\/www.jadeconsulting.eu\/index.php\/lp-become-a-teacher\/"]}]},{"@type":"BreadcrumbList","@id":"https:\/\/www.jadeconsulting.eu\/index.php\/lp-become-a-teacher\/#breadcrumb","itemListElement":[{"@type":"ListItem","position":1,"name":"Home","item":"https:\/\/www.jadeconsulting.eu\/"},{"@type":"ListItem","position":2,"name":"Become A Teacher"}]},{"@type":"WebSite","@id":"https:\/\/www.jadeconsulting.eu\/#website","url":"https:\/\/www.jadeconsulting.eu\/","name":"JADE Tan\u00e1csad\u00f3 \u00e9s Szolg\u00e1ltat\u00f3 Kft. hivatalos weboldala","description":"Informatika, fejleszt\u00e9s \u00e9s tan\u00e1csad\u00e1s - Microsoft Dynamics 365 Business Central \u00e9s Dynamics NAV ERP fejleszt\u00e9s \u00e9s konzult\u00e1ci\u00f3","potentialAction":[{"@type":"SearchAction","target":{"@type":"EntryPoint","urlTemplate":"https:\/\/www.jadeconsulting.eu\/?s={search_term_string}"},"query-input":{"@type":"PropertyValueSpecification","valueRequired":true,"valueName":"search_term_string"}}],"inLanguage":"hu"}]}},"jetpack_sharing_enabled":true,"jetpack-related-posts":[],"_links":{"self":[{"href":"https:\/\/www.jadeconsulting.eu\/index.php\/wp-json\/wp\/v2\/pages\/1045","targetHints":{"allow":["GET"]}}],"collection":[{"href":"https:\/\/www.jadeconsulting.eu\/index.php\/wp-json\/wp\/v2\/pages"}],"about":[{"href":"https:\/\/www.jadeconsulting.eu\/index.php\/wp-json\/wp\/v2\/types\/page"}],"author":[{"embeddable":true,"href":"https:\/\/www.jadeconsulting.eu\/index.php\/wp-json\/wp\/v2\/users\/123"}],"replies":[{"embeddable":true,"href":"https:\/\/www.jadeconsulting.eu\/index.php\/wp-json\/wp\/v2\/comments?post=1045"}],"version-history":[{"count":0,"href":"https:\/\/www.jadeconsulting.eu\/index.php\/wp-json\/wp\/v2\/pages\/1045\/revisions"}],"wp:attachment":[{"href":"https:\/\/www.jadeconsulting.eu\/index.php\/wp-json\/wp\/v2\/media?parent=1045"}],"curies":[{"name":"wp","href":"https:\/\/api.w.org\/{rel}","templated":true}]}}