{"id":1041,"date":"2024-06-08T17:02:12","date_gmt":"2024-06-08T15:02:12","guid":{"rendered":"https:\/\/www.jadeconsulting.eu\/index.php\/lp-profile\/"},"modified":"2024-06-08T17:02:12","modified_gmt":"2024-06-08T15:02:12","slug":"lp-profile","status":"publish","type":"page","link":"https:\/\/www.jadeconsulting.eu\/index.php\/lp-profile\/","title":{"rendered":"Profile"},"content":{"rendered":"<p>[learn_press_profile]<\/p>\n","protected":false},"excerpt":{"rendered":"","protected":false},"author":123,"featured_media":0,"parent":0,"menu_order":0,"comment_status":"closed","ping_status":"closed","template":"","meta":{"footnotes":""},"class_list":["post-1041","page","type-page","status-publish","hentry"],"yoast_head":"<!-- This site is optimized with the Yoast SEO plugin v27.4 - https:\/\/yoast.com\/product\/yoast-seo-wordpress\/ -->\n<title>Profile - JADE Tan\u00e1csad\u00f3 \u00e9s Szolg\u00e1ltat\u00f3 Kft. hivatalos weboldala<\/title>\n<meta name=\"robots\" content=\"index, follow, max-snippet:-1, max-image-preview:large, max-video-preview:-1\" \/>\n<link rel=\"canonical\" href=\"https:\/\/www.jadeconsulting.eu\/index.php\/lp-profile\/\" \/>\n<meta property=\"og:locale\" content=\"hu_HU\" \/>\n<meta property=\"og:type\" content=\"article\" \/>\n<meta property=\"og:title\" content=\"Profile - JADE Tan\u00e1csad\u00f3 \u00e9s Szolg\u00e1ltat\u00f3 Kft. hivatalos weboldala\" \/>\n<meta property=\"og:url\" content=\"https:\/\/www.jadeconsulting.eu\/index.php\/lp-profile\/\" \/>\n<meta property=\"og:site_name\" content=\"JADE Tan\u00e1csad\u00f3 \u00e9s Szolg\u00e1ltat\u00f3 Kft. hivatalos weboldala\" \/>\n<meta name=\"twitter:card\" content=\"summary_large_image\" \/>\n<script type=\"application\/ld+json\" class=\"yoast-schema-graph\">{\"@context\":\"https:\\\/\\\/schema.org\",\"@graph\":[{\"@type\":\"WebPage\",\"@id\":\"https:\\\/\\\/www.jadeconsulting.eu\\\/index.php\\\/lp-profile\\\/\",\"url\":\"https:\\\/\\\/www.jadeconsulting.eu\\\/index.php\\\/lp-profile\\\/\",\"name\":\"Profile - JADE Tan\u00e1csad\u00f3 \u00e9s Szolg\u00e1ltat\u00f3 Kft. hivatalos weboldala\",\"isPartOf\":{\"@id\":\"https:\\\/\\\/www.jadeconsulting.eu\\\/#website\"},\"datePublished\":\"2024-06-08T15:02:12+00:00\",\"breadcrumb\":{\"@id\":\"https:\\\/\\\/www.jadeconsulting.eu\\\/index.php\\\/lp-profile\\\/#breadcrumb\"},\"inLanguage\":\"hu\",\"potentialAction\":[{\"@type\":\"ReadAction\",\"target\":[\"https:\\\/\\\/www.jadeconsulting.eu\\\/index.php\\\/lp-profile\\\/\"]}]},{\"@type\":\"BreadcrumbList\",\"@id\":\"https:\\\/\\\/www.jadeconsulting.eu\\\/index.php\\\/lp-profile\\\/#breadcrumb\",\"itemListElement\":[{\"@type\":\"ListItem\",\"position\":1,\"name\":\"Home\",\"item\":\"https:\\\/\\\/www.jadeconsulting.eu\\\/\"},{\"@type\":\"ListItem\",\"position\":2,\"name\":\"Profile\"}]},{\"@type\":\"WebSite\",\"@id\":\"https:\\\/\\\/www.jadeconsulting.eu\\\/#website\",\"url\":\"https:\\\/\\\/www.jadeconsulting.eu\\\/\",\"name\":\"JADE Tan\u00e1csad\u00f3 \u00e9s Szolg\u00e1ltat\u00f3 Kft. hivatalos weboldala\",\"description\":\"Informatika, fejleszt\u00e9s \u00e9s tan\u00e1csad\u00e1s - Microsoft Dynamics 365 Business Central \u00e9s Dynamics NAV ERP fejleszt\u00e9s \u00e9s konzult\u00e1ci\u00f3\",\"potentialAction\":[{\"@type\":\"SearchAction\",\"target\":{\"@type\":\"EntryPoint\",\"urlTemplate\":\"https:\\\/\\\/www.jadeconsulting.eu\\\/?s={search_term_string}\"},\"query-input\":{\"@type\":\"PropertyValueSpecification\",\"valueRequired\":true,\"valueName\":\"search_term_string\"}}],\"inLanguage\":\"hu\"}]}<\/script>\n<!-- \/ Yoast SEO plugin. -->","yoast_head_json":{"title":"Profile - JADE Tan\u00e1csad\u00f3 \u00e9s Szolg\u00e1ltat\u00f3 Kft. hivatalos weboldala","robots":{"index":"index","follow":"follow","max-snippet":"max-snippet:-1","max-image-preview":"max-image-preview:large","max-video-preview":"max-video-preview:-1"},"canonical":"https:\/\/www.jadeconsulting.eu\/index.php\/lp-profile\/","og_locale":"hu_HU","og_type":"article","og_title":"Profile - JADE Tan\u00e1csad\u00f3 \u00e9s Szolg\u00e1ltat\u00f3 Kft. hivatalos weboldala","og_url":"https:\/\/www.jadeconsulting.eu\/index.php\/lp-profile\/","og_site_name":"JADE Tan\u00e1csad\u00f3 \u00e9s Szolg\u00e1ltat\u00f3 Kft. hivatalos weboldala","twitter_card":"summary_large_image","schema":{"@context":"https:\/\/schema.org","@graph":[{"@type":"WebPage","@id":"https:\/\/www.jadeconsulting.eu\/index.php\/lp-profile\/","url":"https:\/\/www.jadeconsulting.eu\/index.php\/lp-profile\/","name":"Profile - JADE Tan\u00e1csad\u00f3 \u00e9s Szolg\u00e1ltat\u00f3 Kft. hivatalos weboldala","isPartOf":{"@id":"https:\/\/www.jadeconsulting.eu\/#website"},"datePublished":"2024-06-08T15:02:12+00:00","breadcrumb":{"@id":"https:\/\/www.jadeconsulting.eu\/index.php\/lp-profile\/#breadcrumb"},"inLanguage":"hu","potentialAction":[{"@type":"ReadAction","target":["https:\/\/www.jadeconsulting.eu\/index.php\/lp-profile\/"]}]},{"@type":"BreadcrumbList","@id":"https:\/\/www.jadeconsulting.eu\/index.php\/lp-profile\/#breadcrumb","itemListElement":[{"@type":"ListItem","position":1,"name":"Home","item":"https:\/\/www.jadeconsulting.eu\/"},{"@type":"ListItem","position":2,"name":"Profile"}]},{"@type":"WebSite","@id":"https:\/\/www.jadeconsulting.eu\/#website","url":"https:\/\/www.jadeconsulting.eu\/","name":"JADE Tan\u00e1csad\u00f3 \u00e9s Szolg\u00e1ltat\u00f3 Kft. hivatalos weboldala","description":"Informatika, fejleszt\u00e9s \u00e9s tan\u00e1csad\u00e1s - Microsoft Dynamics 365 Business Central \u00e9s Dynamics NAV ERP fejleszt\u00e9s \u00e9s konzult\u00e1ci\u00f3","potentialAction":[{"@type":"SearchAction","target":{"@type":"EntryPoint","urlTemplate":"https:\/\/www.jadeconsulting.eu\/?s={search_term_string}"},"query-input":{"@type":"PropertyValueSpecification","valueRequired":true,"valueName":"search_term_string"}}],"inLanguage":"hu"}]}},"jetpack_sharing_enabled":true,"jetpack-related-posts":[{"id":1917,"url":"https:\/\/www.jadeconsulting.eu\/index.php\/adatvedelmi-nyilatkozat\/","url_meta":{"origin":1041,"position":0},"title":"Adatv\u00e9delmi Nyilatkozat","author":"admin","date":"2025-11-21","format":false,"excerpt":"Kik vagyunk A weboldalaink c\u00edme: https:\/\/www.jadeconsulting.eu ; https:\/\/babadepo.eu ; https:\/\/www.myberill.com. Melyek azok a szem\u00e9lyes adatok, amiket gy\u0171jt\u00fcnk \u00e9s milyen c\u00e9llal gy\u0171jtj\u00fck ezeket Hozz\u00e1sz\u00f3l\u00e1sok Hozz\u00e1sz\u00f3l\u00e1s bek\u00fcld\u00e9sekor a hozz\u00e1sz\u00f3l\u00e1si \u0171rlapban megadottakon k\u00edv\u00fcl begy\u0171jt\u00e9sre ker\u00fcl a hozz\u00e1sz\u00f3l\u00f3 IP c\u00edme \u00e9s a b\u00f6ng\u00e9sz\u0151azonos\u00edt\u00f3 karakterl\u00e1nc a k\u00e9retlen tartalmak kisz\u0171r\u00e9se c\u00e9lj\u00e1b\u00f3l. Egy szem\u00e9lytelen\u00edtett, az e-mail c\u00edmb\u0151l\u2026","rel":"","context":"Similar post","block_context":{"text":"Similar post","link":""},"img":{"alt_text":"","src":"","width":0,"height":0},"classes":[]}],"_links":{"self":[{"href":"https:\/\/www.jadeconsulting.eu\/index.php\/wp-json\/wp\/v2\/pages\/1041","targetHints":{"allow":["GET"]}}],"collection":[{"href":"https:\/\/www.jadeconsulting.eu\/index.php\/wp-json\/wp\/v2\/pages"}],"about":[{"href":"https:\/\/www.jadeconsulting.eu\/index.php\/wp-json\/wp\/v2\/types\/page"}],"author":[{"embeddable":true,"href":"https:\/\/www.jadeconsulting.eu\/index.php\/wp-json\/wp\/v2\/users\/123"}],"replies":[{"embeddable":true,"href":"https:\/\/www.jadeconsulting.eu\/index.php\/wp-json\/wp\/v2\/comments?post=1041"}],"version-history":[{"count":0,"href":"https:\/\/www.jadeconsulting.eu\/index.php\/wp-json\/wp\/v2\/pages\/1041\/revisions"}],"wp:attachment":[{"href":"https:\/\/www.jadeconsulting.eu\/index.php\/wp-json\/wp\/v2\/media?parent=1041"}],"curies":[{"name":"wp","href":"https:\/\/api.w.org\/{rel}","templated":true}]}}